{"id":25,"date":"2026-01-03T23:23:06","date_gmt":"2026-01-03T23:23:06","guid":{"rendered":"https:\/\/ma-jolie-cire.com\/?page_id=25"},"modified":"2026-01-12T10:48:16","modified_gmt":"2026-01-12T10:48:16","slug":"accueil","status":"publish","type":"page","link":"https:\/\/ma-jolie-cire.com\/","title":{"rendered":"Ma jolie cire"},"content":{"rendered":"\n<div class=\"wp-block-cover alignfull\" style=\"padding-top:2%;min-height:60rem;aspect-ratio:unset;\"><img fetchpriority=\"high\" decoding=\"async\" width=\"1024\" height=\"683\" class=\"wp-block-cover__image-background wp-image-41 size-large\" alt=\"\" src=\"https:\/\/ma-jolie-cire.com\/wp-content\/uploads\/2026\/01\/8AF1D233-A8F3-4312-A445-157D84612CAD-1024x683.png\" style=\"object-position:43% 52%\" data-object-fit=\"cover\" data-object-position=\"43% 52%\" srcset=\"https:\/\/ma-jolie-cire.com\/wp-content\/uploads\/2026\/01\/8AF1D233-A8F3-4312-A445-157D84612CAD-1024x683.png 1024w, https:\/\/ma-jolie-cire.com\/wp-content\/uploads\/2026\/01\/8AF1D233-A8F3-4312-A445-157D84612CAD-300x200.png 300w, https:\/\/ma-jolie-cire.com\/wp-content\/uploads\/2026\/01\/8AF1D233-A8F3-4312-A445-157D84612CAD-768x512.png 768w, https:\/\/ma-jolie-cire.com\/wp-content\/uploads\/2026\/01\/8AF1D233-A8F3-4312-A445-157D84612CAD.png 1536w\" sizes=\"(max-width: 1024px) 100vw, 1024px\" \/><span aria-hidden=\"true\" class=\"wp-block-cover__background has-white-background-color has-background-dim-20 has-background-dim\"><\/span><div class=\"wp-block-cover__inner-container is-layout-constrained wp-container-core-cover-is-layout-ee51f2d2 wp-block-cover-is-layout-constrained\">\n<div class=\"wp-block-group alignwide is-vertical is-content-justification-center is-layout-flex wp-container-core-group-is-layout-5e763914 wp-block-group-is-layout-flex\" style=\"min-height:35rem\">\n<div class=\"wp-block-group is-layout-constrained wp-container-core-group-is-layout-bea02a06 wp-block-group-is-layout-constrained\">\n<h3 class=\"wp-block-heading has-text-align-center has-text-color\" style=\"color:#07277c;margin-bottom:1rem;font-size:clamp(2.071rem, 2.071rem + ((1vw - 0.2rem) * 2.049), 3.71rem);font-style:normal;font-weight:400;line-height:1;text-transform:none\">Des bougies gourmandes<\/h3>\n\n\n\n<h2 class=\"wp-block-heading has-text-align-center has-text-color\" style=\"color:#07277c;margin-top:0rem;margin-bottom:1.01rem;font-size:clamp(2.84rem, 2.84rem + ((1vw - 0.2rem) * 3.338), 5.51rem);font-style:normal;font-weight:400;line-height:1.1;text-transform:capitalize\">Pour vos sens!<\/h2>\n\n\n\n<div class=\"wp-block-group is-vertical is-content-justification-stretch is-layout-flex wp-container-core-group-is-layout-be82aac6 wp-block-group-is-layout-flex\" style=\"margin-top:0rem;padding-right:0px;padding-left:0px\">\n<div class=\"wp-block-group is-content-justification-center is-layout-constrained wp-container-core-group-is-layout-0638dde4 wp-block-group-is-layout-constrained\" style=\"margin-top:0px\">\n<div class=\"wp-block-buttons is-horizontal is-content-justification-right is-layout-flex wp-container-core-buttons-is-layout-e5324bbf wp-block-buttons-is-layout-flex\" style=\"margin-top:0.21rem\">\n<div class=\"wp-block-button has-custom-width wp-block-button__width-100 is-style-fill\"><a class=\"wp-block-button__link has-text-color has-background has-border-color has-custom-font-size wp-element-button\" href=\"https:\/\/ma-jolie-cire.com\/index.php\/bougies-gourmandes__trashed\/collections\/\" style=\"border-color:#041d55;border-style:solid;border-width:1px;border-radius:2.5rem;color:#07277c;background-color:#ffffff;padding-top:1.1rem;padding-right:0.81rem;padding-bottom:1.1rem;padding-left:0.81rem;font-size:clamp(0.875rem, 0.875rem + ((1vw - 0.2rem) * 0.419), 1.21rem);font-style:normal;font-weight:400;line-height:1;text-transform:capitalize\">D\u00e9couvrez maintenant!<\/a><\/div>\n<\/div>\n<\/div>\n<\/div>\n<\/div>\n<\/div>\n<\/div><\/div>\n\n\n\n<section class=\"wp-block-group alignfull has-text-color has-background is-layout-constrained wp-container-core-group-is-layout-5e70687f wp-block-group-is-layout-constrained\" style=\"color:#212121;background-color:#eff9ff;margin-top:0rem;padding-right:1rem;padding-left:1rem;font-size:clamp(0.875rem, 0.875rem + ((1vw - 0.2rem) * 0.319), 1.13rem);font-style:normal;font-weight:400;line-height:1.5\">\n<div class=\"wp-block-group is-layout-constrained wp-container-core-group-is-layout-c328c1cf wp-block-group-is-layout-constrained\" style=\"padding-top:5.01rem;padding-bottom:4.01rem\">\n<div class=\"wp-block-columns is-not-stacked-on-mobile is-layout-flex wp-container-core-columns-is-layout-713970fd wp-block-columns-is-layout-flex\">\n<div class=\"wp-block-column is-layout-constrained wp-container-core-column-is-layout-c6e25a76 wp-block-column-is-layout-constrained\" style=\"border-right-color:#7b90bd;border-right-width:2px;padding-right:1rem;padding-left:1rem\">\n<h6 class=\"wp-block-heading has-text-align-center has-text-color\" style=\"color:#07277c;margin-bottom:0.51rem;font-size:clamp(1.517rem, 1.517rem + ((1vw - 0.2rem) * 1.266), 2.53rem);font-style:normal;font-weight:600;line-height:1.3;text-transform:capitalize\">100% naturel<\/h6>\n\n\n\n<p class=\"has-text-align-center has-text-color\" style=\"color:#212121;margin-top:0px;margin-bottom:1.77rem;font-size:clamp(0.875rem, 0.875rem + ((1vw - 0.2rem) * 0.044), 0.91rem);font-style:normal;font-weight:500;line-height:1.5\">Nos bougies sont cr\u00e9e avec de la cire de soja 100% naturel, sans OMG, Cruelty Free, Vegan Friendly.<\/p>\n<\/div>\n\n\n\n<div class=\"wp-block-column is-layout-constrained wp-container-core-column-is-layout-c6e25a76 wp-block-column-is-layout-constrained\" style=\"padding-right:1rem;padding-left:1rem\">\n<h6 class=\"wp-block-heading has-text-align-center has-text-color\" style=\"color:#07277c;margin-bottom:0.51rem;font-size:clamp(1.517rem, 1.517rem + ((1vw - 0.2rem) * 1.266), 2.53rem);font-style:normal;font-weight:600;line-height:1.3;text-transform:capitalize\">2 amies<\/h6>\n\n\n\n<p class=\"has-text-align-center has-text-color\" style=\"color:#212121;margin-top:0px;margin-bottom:1.77rem;font-size:clamp(0.875rem, 0.875rem + ((1vw - 0.2rem) * 0.044), 0.91rem);font-style:normal;font-weight:500;line-height:1.5\">C\u02bcest notre passion qui illumine chaque bougie!<\/p>\n<\/div>\n<\/div>\n<\/div>\n<\/section>\n\n\n\n<div class=\"wp-block-group alignfull is-layout-constrained wp-container-core-group-is-layout-1257c590 wp-block-group-is-layout-constrained\" style=\"margin-top:0;margin-bottom:0;padding-top:5.51rem;padding-right:1rem;padding-bottom:3rem;padding-left:1rem\">\n<div class=\"wp-block-group alignwide is-layout-constrained wp-block-group-is-layout-constrained\" style=\"padding-bottom:1rem\">\n<h2 class=\"wp-block-heading has-text-align-center has-text-color\" style=\"color:#07277c;font-size:clamp(1.556rem, 1.556rem + ((1vw - 0.2rem) * 1.318), 2.61rem);font-style:normal;font-weight:600;line-height:1.5;text-transform:capitalize\">Nos cr\u00e9ations<\/h2>\n<\/div>\n\n\n\n<div class=\"wp-block-group alignwide is-layout-constrained wp-container-core-group-is-layout-1cf432e6 wp-block-group-is-layout-constrained\" style=\"margin-top:1.01rem\">\n<div class=\"wp-block-columns alignwide is-layout-flex wp-container-core-columns-is-layout-85231905 wp-block-columns-is-layout-flex\">\n<div class=\"wp-block-column is-content-justification-center is-layout-constrained wp-container-core-column-is-layout-412b4476 wp-block-column-is-layout-constrained\" style=\"padding-bottom:2rem\">\n<div class=\"wp-block-group is-layout-constrained wp-container-core-group-is-layout-668d2085 wp-block-group-is-layout-constrained\">\n<figure class=\"wp-block-image aligncenter size-full is-resized\"><a href=\"https:\/\/ma-jolie-cire.com\/index.php\/bougies-gourmandes__trashed\/collections\/\"><img decoding=\"async\" width=\"1024\" height=\"1536\" src=\"https:\/\/ma-jolie-cire.com\/wp-content\/uploads\/2026\/01\/image2-1.jpeg\" alt=\"\" class=\"wp-image-42\" style=\"aspect-ratio:3\/4;object-fit:cover;width:290px\" srcset=\"https:\/\/ma-jolie-cire.com\/wp-content\/uploads\/2026\/01\/image2-1.jpeg 1024w, https:\/\/ma-jolie-cire.com\/wp-content\/uploads\/2026\/01\/image2-1-200x300.jpeg 200w, https:\/\/ma-jolie-cire.com\/wp-content\/uploads\/2026\/01\/image2-1-683x1024.jpeg 683w, https:\/\/ma-jolie-cire.com\/wp-content\/uploads\/2026\/01\/image2-1-768x1152.jpeg 768w\" sizes=\"(max-width: 1024px) 100vw, 1024px\" \/><\/a><\/figure>\n\n\n\n<h5 class=\"wp-block-heading has-text-align-center has-text-color\" style=\"color:#07277c;font-size:clamp(1.044rem, 1.044rem + ((1vw - 0.2rem) * 0.708), 1.61rem);font-style:normal;font-weight:600;line-height:1.4;text-transform:capitalize\">Bougies Gourmandes<\/h5>\n<\/div>\n\n\n\n<div class=\"wp-block-group is-layout-constrained wp-container-core-group-is-layout-4f9f0532 wp-block-group-is-layout-constrained\">\n<p class=\"has-text-align-center has-text-color\" style=\"color:#252525;margin-top:0rem;font-size:clamp(0.875rem, 0.875rem + ((1vw - 0.2rem) * 0.044), 0.91rem);font-style:normal;font-weight:400;line-height:1.5\">Savourez nos bougies gourmandes, cr\u00e9\u00e9es avec amour, pour une ambiance chaleureuse et des senteurs irr\u00e9sistibles!<\/p>\n<\/div>\n<\/div>\n\n\n\n<div class=\"wp-block-column is-layout-constrained wp-container-core-column-is-layout-a3af4fe5 wp-block-column-is-layout-constrained\" style=\"padding-bottom:2rem\">\n<div class=\"wp-block-group is-layout-constrained wp-container-core-group-is-layout-668d2085 wp-block-group-is-layout-constrained\">\n<figure class=\"wp-block-image aligncenter size-full is-resized\"><a href=\"https:\/\/ma-jolie-cire.com\/index.php\/fondants-parfumes-2\/\"><img decoding=\"async\" width=\"828\" height=\"1104\" src=\"https:\/\/ma-jolie-cire.com\/wp-content\/uploads\/2026\/01\/IMG_1737.jpg\" alt=\"\" class=\"wp-image-43\" style=\"width:290px\" srcset=\"https:\/\/ma-jolie-cire.com\/wp-content\/uploads\/2026\/01\/IMG_1737.jpg 828w, https:\/\/ma-jolie-cire.com\/wp-content\/uploads\/2026\/01\/IMG_1737-225x300.jpg 225w, https:\/\/ma-jolie-cire.com\/wp-content\/uploads\/2026\/01\/IMG_1737-768x1024.jpg 768w\" sizes=\"(max-width: 828px) 100vw, 828px\" \/><\/a><\/figure>\n\n\n\n<h5 class=\"wp-block-heading has-text-align-center has-text-color\" style=\"color:#07277c;font-size:clamp(1.044rem, 1.044rem + ((1vw - 0.2rem) * 0.708), 1.61rem);font-style:normal;font-weight:600;line-height:1.4;text-transform:capitalize\">Fondants Parfum\u00e9s<\/h5>\n<\/div>\n\n\n\n<div class=\"wp-block-group is-layout-constrained wp-container-core-group-is-layout-4f9f0532 wp-block-group-is-layout-constrained\">\n<p class=\"has-text-align-center has-text-color\" style=\"color:#252525;margin-top:0rem;font-size:clamp(0.875rem, 0.875rem + ((1vw - 0.2rem) * 0.044), 0.91rem);font-style:normal;font-weight:400;line-height:1.5\">Nos fondants parfum\u00e9s diffusent des fragrances d\u00e9licieuses et envo\u00fbtantes, pour un plaisir sans fin!<\/p>\n<\/div>\n<\/div>\n\n\n\n<div class=\"wp-block-column is-content-justification-center is-layout-constrained wp-container-core-column-is-layout-412b4476 wp-block-column-is-layout-constrained\" style=\"padding-bottom:2rem\">\n<div class=\"wp-block-group is-layout-constrained wp-container-core-group-is-layout-668d2085 wp-block-group-is-layout-constrained\">\n<figure class=\"wp-block-image aligncenter size-full is-resized\"><a href=\"https:\/\/ma-jolie-cire.com\/index.php\/fondants-parfumes\/\"><img loading=\"lazy\" decoding=\"async\" width=\"814\" height=\"1347\" src=\"https:\/\/ma-jolie-cire.com\/wp-content\/uploads\/2026\/01\/IMG_1824-2.jpg\" alt=\"\" class=\"wp-image-44\" style=\"aspect-ratio:0.75;object-fit:cover;width:290px;height:auto\" srcset=\"https:\/\/ma-jolie-cire.com\/wp-content\/uploads\/2026\/01\/IMG_1824-2.jpg 814w, https:\/\/ma-jolie-cire.com\/wp-content\/uploads\/2026\/01\/IMG_1824-2-181x300.jpg 181w, https:\/\/ma-jolie-cire.com\/wp-content\/uploads\/2026\/01\/IMG_1824-2-619x1024.jpg 619w, https:\/\/ma-jolie-cire.com\/wp-content\/uploads\/2026\/01\/IMG_1824-2-768x1271.jpg 768w\" sizes=\"(max-width: 814px) 100vw, 814px\" \/><\/a><\/figure>\n\n\n\n<h5 class=\"wp-block-heading has-text-align-center has-text-color\" style=\"color:#07277c;font-size:clamp(1.044rem, 1.044rem + ((1vw - 0.2rem) * 0.708), 1.61rem);font-style:normal;font-weight:600;line-height:1.4;text-transform:capitalize\">Parfums d\u2019Ambiance<\/h5>\n<\/div>\n\n\n\n<div class=\"wp-block-group is-layout-constrained wp-container-core-group-is-layout-4f9f0532 wp-block-group-is-layout-constrained\">\n<p class=\"has-text-align-center has-text-color\" style=\"color:#252525;margin-top:0rem;font-size:clamp(0.875rem, 0.875rem + ((1vw - 0.2rem) * 0.044), 0.91rem);font-style:normal;font-weight:400;line-height:1.5\">D\u00e9couvrez nos parfums d\u2019ambiance, pour transformer chaque instant en un moment magique et unique!<\/p>\n<\/div>\n<\/div>\n<\/div>\n<\/div>\n<\/div>\n\n\n\n<section class=\"wp-block-group alignfull has-text-color has-background is-layout-constrained wp-container-core-group-is-layout-38ad39fd wp-block-group-is-layout-constrained\" style=\"color:#03081e;background-color:#eff9ff;margin-top:0px;padding-top:5.01rem;padding-right:1rem;padding-bottom:5.5rem;padding-left:1rem;font-size:clamp(0.875rem, 0.875rem + ((1vw - 0.2rem) * 0.319), 1.13rem);font-style:normal;font-weight:400;line-height:1.4\">\n<div class=\"wp-block-columns is-layout-flex wp-container-core-columns-is-layout-db2df21c wp-block-columns-is-layout-flex\" style=\"margin-bottom:0px\">\n<div class=\"wp-block-column is-content-justification-left is-layout-constrained wp-container-core-column-is-layout-12dd3699 wp-block-column-is-layout-constrained\" style=\"flex-basis:45%\">\n<figure class=\"wp-block-image aligncenter size-full is-resized\"><img loading=\"lazy\" decoding=\"async\" width=\"1242\" height=\"2208\" src=\"https:\/\/ma-jolie-cire.com\/wp-content\/uploads\/2026\/01\/IMG_1833.jpg\" alt=\"\" class=\"wp-image-102\" style=\"width:446px\" srcset=\"https:\/\/ma-jolie-cire.com\/wp-content\/uploads\/2026\/01\/IMG_1833.jpg 1242w, https:\/\/ma-jolie-cire.com\/wp-content\/uploads\/2026\/01\/IMG_1833-169x300.jpg 169w, https:\/\/ma-jolie-cire.com\/wp-content\/uploads\/2026\/01\/IMG_1833-576x1024.jpg 576w, https:\/\/ma-jolie-cire.com\/wp-content\/uploads\/2026\/01\/IMG_1833-768x1365.jpg 768w, https:\/\/ma-jolie-cire.com\/wp-content\/uploads\/2026\/01\/IMG_1833-864x1536.jpg 864w, https:\/\/ma-jolie-cire.com\/wp-content\/uploads\/2026\/01\/IMG_1833-1152x2048.jpg 1152w\" sizes=\"(max-width: 1242px) 100vw, 1242px\" \/><\/figure>\n<\/div>\n\n\n\n<div class=\"wp-block-column is-layout-flow wp-block-column-is-layout-flow\">\n<div class=\"wp-block-group is-vertical is-content-justification-left is-layout-flex wp-container-core-group-is-layout-c5d44cae wp-block-group-is-layout-flex\" style=\"min-height:100%\">\n<div class=\"wp-block-group is-content-justification-center is-layout-constrained wp-container-core-group-is-layout-b15c80d6 wp-block-group-is-layout-constrained\">\n<h3 class=\"wp-block-heading has-text-align-left has-text-color\" style=\"color:#07277c;margin-top:0.5rem;margin-bottom:1.01rem;font-size:clamp(1.556rem, 1.556rem + ((1vw - 0.2rem) * 1.318), 2.61rem);font-style:normal;font-weight:500;letter-spacing:0px;line-height:1.3;text-transform:capitalize\">Notre belle histoire<\/h3>\n\n\n\n<p class=\"has-text-align-left has-text-color\" style=\"color:#03081e;margin-top:0rem;font-size:clamp(0.875rem, 0.875rem + ((1vw - 0.2rem) * 0.419), 1.21rem);font-style:normal;font-weight:400;line-height:1.6\">Nous sommes deux meilleures amies, unies par notre passion pour les senteurs. Ensemble, nous avons cr\u00e9\u00e9 une marque de bougies gourmandes, de fondants parfum\u00e9s et de parfums d\u2019ambiance. Notre mission est de partager des moments de bonheur gr\u00e2ce \u00e0 des produits 100% naturels. Chaque cr\u00e9ation respire notre amour et notre d\u00e9votion!<\/p>\n\n\n\n<div class=\"wp-block-group is-content-justification-left is-layout-constrained wp-container-core-group-is-layout-30c9064c wp-block-group-is-layout-constrained\" style=\"margin-top:0px\">\n<div class=\"wp-block-buttons is-horizontal is-content-justification-left is-layout-flex wp-container-core-buttons-is-layout-50dd055c wp-block-buttons-is-layout-flex\" style=\"margin-top:2.51rem\"><\/div>\n<\/div>\n<\/div>\n<\/div>\n<\/div>\n<\/div>\n<\/section>\n\n\n\n<section class=\"wp-block-cover alignfull\" style=\"margin-top:0px;padding-bottom:12.51rem;min-height:611px;aspect-ratio:unset;\"><img loading=\"lazy\" decoding=\"async\" width=\"1024\" height=\"683\" class=\"wp-block-cover__image-background wp-image-108 size-large\" alt=\"\" src=\"https:\/\/ma-jolie-cire.com\/wp-content\/uploads\/2026\/01\/E267AC65-D067-4B8C-8CEC-5AA142B6D7B1-1024x683.png\" data-object-fit=\"cover\" srcset=\"https:\/\/ma-jolie-cire.com\/wp-content\/uploads\/2026\/01\/E267AC65-D067-4B8C-8CEC-5AA142B6D7B1-1024x683.png 1024w, https:\/\/ma-jolie-cire.com\/wp-content\/uploads\/2026\/01\/E267AC65-D067-4B8C-8CEC-5AA142B6D7B1-300x200.png 300w, https:\/\/ma-jolie-cire.com\/wp-content\/uploads\/2026\/01\/E267AC65-D067-4B8C-8CEC-5AA142B6D7B1-768x512.png 768w, https:\/\/ma-jolie-cire.com\/wp-content\/uploads\/2026\/01\/E267AC65-D067-4B8C-8CEC-5AA142B6D7B1.png 1536w\" sizes=\"(max-width: 1024px) 100vw, 1024px\" \/><span aria-hidden=\"true\" class=\"wp-block-cover__background has-background-dim-40 has-background-dim\" style=\"background-color:#777777\"><\/span><div class=\"wp-block-cover__inner-container is-layout-constrained wp-container-core-cover-is-layout-19e6744e wp-block-cover-is-layout-constrained\">\n<div class=\"wp-block-group alignfull has-text-color is-layout-constrained wp-container-core-group-is-layout-6f61d7e7 wp-block-group-is-layout-constrained\" style=\"color:#252525;margin-top:0px;padding-top:0rem;padding-right:1rem;padding-bottom:0rem;padding-left:1rem;font-size:clamp(0.875rem, 0.875rem + ((1vw - 0.2rem) * 0.319), 1.13rem);font-style:normal;font-weight:400;line-height:1.4\">\n<div class=\"wp-block-group is-vertical is-content-justification-center is-layout-flex wp-container-core-group-is-layout-b6c1f246 wp-block-group-is-layout-flex\">\n<div class=\"wp-block-group is-layout-constrained wp-container-core-group-is-layout-a099c240 wp-block-group-is-layout-constrained\">\n<h2 class=\"wp-block-heading has-text-align-center has-text-color\" style=\"color:#07277c;margin-bottom:1.11rem;font-size:clamp(1.556rem, 1.556rem + ((1vw - 0.2rem) * 1.318), 2.61rem);font-style:normal;font-weight:500;line-height:1.2;text-transform:capitalize\">Contactez-nous!<\/h2>\n\n\n\n<p class=\"has-text-align-center has-text-color\" style=\"color:#03081e;margin-top:0rem;font-size:clamp(0.875rem, 0.875rem + ((1vw - 0.2rem) * 0.294), 1.11rem);font-style:normal;font-weight:400;line-height:1.6\">Nous adorons vous entendre! Contactez-nous pour toute question ou demande, nous sommes l\u00e0 pour vous!<\/p>\n\n\n\n<div class=\"wp-block-group is-vertical is-content-justification-stretch is-layout-flex wp-container-core-group-is-layout-be82aac6 wp-block-group-is-layout-flex\" style=\"margin-top:0rem;padding-right:0px;padding-left:0px\">\n<div class=\"wp-block-group is-content-justification-center is-layout-constrained wp-container-core-group-is-layout-0638dde4 wp-block-group-is-layout-constrained\" style=\"margin-top:0px\">\n<div class=\"wp-block-buttons is-horizontal is-content-justification-right is-layout-flex wp-container-core-buttons-is-layout-1b0e492f wp-block-buttons-is-layout-flex\" style=\"margin-top:2.21rem\">\n<div class=\"wp-block-button has-custom-width wp-block-button__width-100 is-style-fill\"><a class=\"wp-block-button__link has-text-color has-background has-border-color has-custom-font-size wp-element-button\" href=\"https:\/\/ma-jolie-cire.com\/index.php\/contact\/\" style=\"border-color:#041d55;border-style:solid;border-width:1px;border-radius:2.5rem;color:#07277c;background-color:#ffffff;padding-top:1.1rem;padding-right:0.81rem;padding-bottom:1.1rem;padding-left:0.81rem;font-size:clamp(0.875rem, 0.875rem + ((1vw - 0.2rem) * 0.419), 1.21rem);font-style:normal;font-weight:400;line-height:1;text-transform:capitalize\">\u00c9crivez-nous!<\/a><\/div>\n<\/div>\n<\/div>\n<\/div>\n<\/div>\n<\/div>\n<\/div>\n<\/div><\/section>\n\n\n\n<p><\/p>\n","protected":false},"excerpt":{"rendered":"<p>100% naturel Nos bougies sont cr\u00e9e avec de la cire de soja 100% naturel, sans OMG, Cruelty Free, Vegan Friendly. 2 amies C\u02bcest notre passion qui illumine chaque bougie! Nos cr\u00e9ations Bougies Gourmandes Savourez nos bougies gourmandes, cr\u00e9\u00e9es avec amour, pour une ambiance chaleureuse et des senteurs irr\u00e9sistibles! Fondants Parfum\u00e9s Nos fondants parfum\u00e9s diffusent des [&hellip;]<\/p>\n","protected":false},"author":1,"featured_media":0,"parent":0,"menu_order":0,"comment_status":"closed","ping_status":"closed","template":"","meta":{"footnotes":""},"class_list":["post-25","page","type-page","status-publish","hentry"],"blocksy_meta":[],"_links":{"self":[{"href":"https:\/\/ma-jolie-cire.com\/index.php\/wp-json\/wp\/v2\/pages\/25","targetHints":{"allow":["GET"]}}],"collection":[{"href":"https:\/\/ma-jolie-cire.com\/index.php\/wp-json\/wp\/v2\/pages"}],"about":[{"href":"https:\/\/ma-jolie-cire.com\/index.php\/wp-json\/wp\/v2\/types\/page"}],"author":[{"embeddable":true,"href":"https:\/\/ma-jolie-cire.com\/index.php\/wp-json\/wp\/v2\/users\/1"}],"replies":[{"embeddable":true,"href":"https:\/\/ma-jolie-cire.com\/index.php\/wp-json\/wp\/v2\/comments?post=25"}],"version-history":[{"count":24,"href":"https:\/\/ma-jolie-cire.com\/index.php\/wp-json\/wp\/v2\/pages\/25\/revisions"}],"predecessor-version":[{"id":1704,"href":"https:\/\/ma-jolie-cire.com\/index.php\/wp-json\/wp\/v2\/pages\/25\/revisions\/1704"}],"wp:attachment":[{"href":"https:\/\/ma-jolie-cire.com\/index.php\/wp-json\/wp\/v2\/media?parent=25"}],"curies":[{"name":"wp","href":"https:\/\/api.w.org\/{rel}","templated":true}]}}