{"id":65,"date":"2026-01-04T09:03:45","date_gmt":"2026-01-04T09:03:45","guid":{"rendered":"https:\/\/ma-jolie-cire.com\/?page_id=65"},"modified":"2026-01-12T10:55:26","modified_gmt":"2026-01-12T10:55:26","slug":"collections","status":"publish","type":"page","link":"https:\/\/ma-jolie-cire.com\/index.php\/collections\/","title":{"rendered":""},"content":{"rendered":"\n<div class=\"wp-block-group alignfull has-background is-layout-constrained wp-container-core-group-is-layout-0117c4cf wp-block-group-is-layout-constrained\" style=\"background-color:#eff9ff;padding-top:80px;padding-bottom:80px\">\n<h1 class=\"wp-block-heading has-text-align-center has-text-color has-link-color has-belleza-font-family wp-elements-ba9fb39acfa5033b0474f2eaf09bdfbc\" style=\"color:#525060;font-size:clamp(39.963px, 2.498rem + ((1vw - 3.2px) * 2.737), 75px);font-style:normal;font-weight:400\">Nos Cr\u00e9ations<\/h1>\n<\/div>\n\n\n\n<section class=\"wp-block-group alignfull has-text-color is-layout-constrained wp-container-core-group-is-layout-b52fc5bb wp-block-group-is-layout-constrained\" style=\"color:#3e3e3e;margin-top:0rem;padding-top:0px;padding-right:1rem;padding-bottom:0px;padding-left:1rem;font-size:clamp(42.068px, 2.629rem + ((1vw - 3.2px) * 2.963), 80px);font-style:normal;font-weight:400;line-height:1.5\">\n<div class=\"wp-block-group is-layout-constrained wp-container-core-group-is-layout-173cf564 wp-block-group-is-layout-constrained\" style=\"padding-top:5rem;padding-bottom:5rem\">\n<h2 class=\"wp-block-heading has-text-align-center has-text-color has-belleza-font-family\" style=\"color:#525060;margin-top:0px;margin-bottom:2rem;font-size:clamp(1.502rem, 1.502rem + ((1vw - 0.2rem) * 1.248), 2.5rem);font-style:normal;font-weight:400;line-height:1.5;text-transform:uppercase\">Bougies Gourmandes<\/h2>\n\n\n\n<div class=\"wp-block-columns is-layout-flex wp-container-core-columns-is-layout-caee7e2b wp-block-columns-is-layout-flex\">\n<div class=\"wp-block-column is-layout-constrained wp-block-column-is-layout-constrained\" style=\"flex-basis:25%\">\n<figure class=\"wp-block-image aligncenter size-full is-resized\"><a href=\"https:\/\/ma-jolie-cire.com\/index.php\/product\/bougie-fraicheur-dete\/\"><img fetchpriority=\"high\" decoding=\"async\" width=\"1024\" height=\"1536\" src=\"https:\/\/ma-jolie-cire.com\/wp-content\/uploads\/2026\/01\/image1-2.jpeg\" alt=\"\" class=\"wp-image-85\" style=\"width:288px\" srcset=\"https:\/\/ma-jolie-cire.com\/wp-content\/uploads\/2026\/01\/image1-2.jpeg 1024w, https:\/\/ma-jolie-cire.com\/wp-content\/uploads\/2026\/01\/image1-2-200x300.jpeg 200w, https:\/\/ma-jolie-cire.com\/wp-content\/uploads\/2026\/01\/image1-2-683x1024.jpeg 683w, https:\/\/ma-jolie-cire.com\/wp-content\/uploads\/2026\/01\/image1-2-768x1152.jpeg 768w\" sizes=\"(max-width: 1024px) 100vw, 1024px\" \/><\/a><\/figure>\n\n\n\n<h6 class=\"wp-block-heading has-text-align-center has-text-color has-belleza-font-family\" style=\"color:#696778;margin-top:1rem;font-size:clamp(1.001rem, 1.001rem + ((1vw - 0.2rem) * 0.661), 1.53rem);font-style:normal;font-weight:400;line-height:1.3;text-transform:uppercase\">Fraicheur d&rsquo;\u00e9t\u00e9<\/h6>\n\n\n\n<p class=\"has-text-align-center has-text-color has-jost-font-family\" style=\"color:#696778;margin-top:0px;margin-bottom:1.77rem;font-size:clamp(0.875rem, 0.875rem + ((1vw - 0.2rem) * 0.156), 1rem);font-style:normal;font-weight:400;line-height:1.5\">\u20ac16<\/p>\n<\/div>\n\n\n\n<div class=\"wp-block-column is-layout-constrained wp-block-column-is-layout-constrained\" style=\"flex-basis:25%\">\n<figure class=\"wp-block-image aligncenter size-full is-resized\"><a href=\"https:\/\/ma-jolie-cire.com\/index.php\/product\/bougie-fleur-de-minuit\/\"><img decoding=\"async\" width=\"1024\" height=\"1536\" src=\"https:\/\/ma-jolie-cire.com\/wp-content\/uploads\/2026\/01\/image2-3.jpeg\" alt=\"\" class=\"wp-image-86\" style=\"width:288px\" srcset=\"https:\/\/ma-jolie-cire.com\/wp-content\/uploads\/2026\/01\/image2-3.jpeg 1024w, https:\/\/ma-jolie-cire.com\/wp-content\/uploads\/2026\/01\/image2-3-200x300.jpeg 200w, https:\/\/ma-jolie-cire.com\/wp-content\/uploads\/2026\/01\/image2-3-683x1024.jpeg 683w, https:\/\/ma-jolie-cire.com\/wp-content\/uploads\/2026\/01\/image2-3-768x1152.jpeg 768w\" sizes=\"(max-width: 1024px) 100vw, 1024px\" \/><\/a><\/figure>\n\n\n\n<h6 class=\"wp-block-heading has-text-align-center has-text-color has-belleza-font-family\" style=\"color:#696778;margin-top:1rem;font-size:clamp(1.001rem, 1.001rem + ((1vw - 0.2rem) * 0.661), 1.53rem);font-style:normal;font-weight:400;line-height:1.3;text-transform:uppercase\">Fleur de minuit<\/h6>\n\n\n\n<p class=\"has-text-align-center has-text-color has-jost-font-family\" style=\"color:#696778;margin-top:0px;margin-bottom:1.77rem;font-size:clamp(0.875rem, 0.875rem + ((1vw - 0.2rem) * 0.156), 1rem);font-style:normal;font-weight:400;line-height:1.5\">\u20ac19<\/p>\n<\/div>\n\n\n\n<div class=\"wp-block-column is-layout-constrained wp-block-column-is-layout-constrained\" style=\"flex-basis:25%\">\n<figure class=\"wp-block-image aligncenter size-full is-resized\"><a href=\"https:\/\/ma-jolie-cire.com\/index.php\/product\/bougie-banana-bliss\/\"><img decoding=\"async\" width=\"1024\" height=\"1536\" src=\"https:\/\/ma-jolie-cire.com\/wp-content\/uploads\/2026\/01\/image3-2.jpeg\" alt=\"\" class=\"wp-image-87\" style=\"width:288px\" srcset=\"https:\/\/ma-jolie-cire.com\/wp-content\/uploads\/2026\/01\/image3-2.jpeg 1024w, https:\/\/ma-jolie-cire.com\/wp-content\/uploads\/2026\/01\/image3-2-200x300.jpeg 200w, https:\/\/ma-jolie-cire.com\/wp-content\/uploads\/2026\/01\/image3-2-683x1024.jpeg 683w, https:\/\/ma-jolie-cire.com\/wp-content\/uploads\/2026\/01\/image3-2-768x1152.jpeg 768w\" sizes=\"(max-width: 1024px) 100vw, 1024px\" \/><\/a><\/figure>\n\n\n\n<h6 class=\"wp-block-heading has-text-align-center has-text-color has-belleza-font-family\" style=\"color:#696778;margin-top:1rem;font-size:clamp(1.001rem, 1.001rem + ((1vw - 0.2rem) * 0.661), 1.53rem);font-style:normal;font-weight:400;line-height:1.3;text-transform:uppercase\">Banana Bliss<\/h6>\n\n\n\n<p class=\"has-text-align-center has-text-color has-jost-font-family\" style=\"color:#696778;margin-top:0px;margin-bottom:1.77rem;font-size:clamp(0.875rem, 0.875rem + ((1vw - 0.2rem) * 0.156), 1rem);font-style:normal;font-weight:400;line-height:1.5\">\u20ac15<\/p>\n<\/div>\n\n\n\n<div class=\"wp-block-column is-layout-constrained wp-block-column-is-layout-constrained\" style=\"flex-basis:25%\">\n<figure class=\"wp-block-image aligncenter size-full is-resized\"><a href=\"https:\/\/ma-jolie-cire.com\/index.php\/product\/bougie-coeur-de-cuberdon\/\"><img loading=\"lazy\" decoding=\"async\" width=\"1024\" height=\"1536\" src=\"https:\/\/ma-jolie-cire.com\/wp-content\/uploads\/2026\/01\/image4-2.jpeg\" alt=\"\" class=\"wp-image-88\" style=\"width:288px\" srcset=\"https:\/\/ma-jolie-cire.com\/wp-content\/uploads\/2026\/01\/image4-2.jpeg 1024w, https:\/\/ma-jolie-cire.com\/wp-content\/uploads\/2026\/01\/image4-2-200x300.jpeg 200w, https:\/\/ma-jolie-cire.com\/wp-content\/uploads\/2026\/01\/image4-2-683x1024.jpeg 683w, https:\/\/ma-jolie-cire.com\/wp-content\/uploads\/2026\/01\/image4-2-768x1152.jpeg 768w\" sizes=\"(max-width: 1024px) 100vw, 1024px\" \/><\/a><\/figure>\n\n\n\n<h6 class=\"wp-block-heading has-text-align-center has-text-color has-belleza-font-family\" style=\"color:#696778;margin-top:1rem;font-size:clamp(1.001rem, 1.001rem + ((1vw - 0.2rem) * 0.661), 1.53rem);font-style:normal;font-weight:400;line-height:1.3;text-transform:uppercase\">Coeur de cuberdon<\/h6>\n\n\n\n<p class=\"has-text-align-center has-text-color has-jost-font-family\" style=\"color:#696778;margin-top:0px;margin-bottom:1.77rem;font-size:clamp(0.875rem, 0.875rem + ((1vw - 0.2rem) * 0.156), 1rem);font-style:normal;font-weight:400;line-height:1.5\">\u20ac15<\/p>\n<\/div>\n<\/div>\n\n\n\n<div class=\"wp-block-group is-layout-constrained wp-block-group-is-layout-constrained\"><\/div>\n<\/div>\n<\/section>\n\n\n\n<section class=\"wp-block-group alignfull has-text-color is-layout-constrained wp-container-core-group-is-layout-b52fc5bb wp-block-group-is-layout-constrained\" style=\"color:#3e3e3e;margin-top:0rem;padding-top:0px;padding-right:1rem;padding-bottom:0px;padding-left:1rem;font-size:clamp(42.068px, 2.629rem + ((1vw - 3.2px) * 2.963), 80px);font-style:normal;font-weight:400;line-height:1.5\">\n<div class=\"wp-block-group is-layout-constrained wp-container-core-group-is-layout-173cf564 wp-block-group-is-layout-constrained\" style=\"padding-top:5rem;padding-bottom:5rem\">\n<h2 class=\"wp-block-heading has-text-align-center has-text-color has-belleza-font-family\" style=\"color:#525060;margin-top:0px;margin-bottom:2rem;font-size:clamp(1.502rem, 1.502rem + ((1vw - 0.2rem) * 1.248), 2.5rem);font-style:normal;font-weight:400;line-height:1.5;text-transform:uppercase\"><\/h2>\n\n\n\n<div class=\"wp-block-columns is-layout-flex wp-container-core-columns-is-layout-caee7e2b wp-block-columns-is-layout-flex\">\n<div class=\"wp-block-column is-layout-constrained wp-block-column-is-layout-constrained\" style=\"flex-basis:25%\">\n<figure class=\"wp-block-image aligncenter size-full is-resized\"><a href=\"https:\/\/ma-jolie-cire.com\/index.php\/product\/bougie-lune-de-miel\/\"><img loading=\"lazy\" decoding=\"async\" width=\"1024\" height=\"1536\" src=\"https:\/\/ma-jolie-cire.com\/wp-content\/uploads\/2026\/01\/image5-2.jpeg\" alt=\"\" class=\"wp-image-89\" style=\"width:288px\" srcset=\"https:\/\/ma-jolie-cire.com\/wp-content\/uploads\/2026\/01\/image5-2.jpeg 1024w, https:\/\/ma-jolie-cire.com\/wp-content\/uploads\/2026\/01\/image5-2-200x300.jpeg 200w, https:\/\/ma-jolie-cire.com\/wp-content\/uploads\/2026\/01\/image5-2-683x1024.jpeg 683w, https:\/\/ma-jolie-cire.com\/wp-content\/uploads\/2026\/01\/image5-2-768x1152.jpeg 768w\" sizes=\"(max-width: 1024px) 100vw, 1024px\" \/><\/a><\/figure>\n\n\n\n<h6 class=\"wp-block-heading has-text-align-center has-text-color has-belleza-font-family\" style=\"color:#696778;margin-top:1rem;font-size:clamp(1.001rem, 1.001rem + ((1vw - 0.2rem) * 0.661), 1.53rem);font-style:normal;font-weight:400;line-height:1.3;text-transform:uppercase\">Miel de lune<\/h6>\n\n\n\n<p class=\"has-text-align-center has-text-color has-jost-font-family\" style=\"color:#696778;margin-top:0px;margin-bottom:1.77rem;font-size:clamp(0.875rem, 0.875rem + ((1vw - 0.2rem) * 0.156), 1rem);font-style:normal;font-weight:400;line-height:1.5\">\u20ac15<\/p>\n<\/div>\n\n\n\n<div class=\"wp-block-column is-layout-constrained wp-block-column-is-layout-constrained\" style=\"flex-basis:25%\">\n<figure class=\"wp-block-image aligncenter size-full is-resized\"><a href=\"https:\/\/ma-jolie-cire.com\/index.php\/product\/bougie-fleur-de-soleil\/\"><img loading=\"lazy\" decoding=\"async\" width=\"1024\" height=\"1536\" src=\"https:\/\/ma-jolie-cire.com\/wp-content\/uploads\/2026\/01\/image6-3.jpeg\" alt=\"\" class=\"wp-image-90\" style=\"width:288px\" srcset=\"https:\/\/ma-jolie-cire.com\/wp-content\/uploads\/2026\/01\/image6-3.jpeg 1024w, https:\/\/ma-jolie-cire.com\/wp-content\/uploads\/2026\/01\/image6-3-200x300.jpeg 200w, https:\/\/ma-jolie-cire.com\/wp-content\/uploads\/2026\/01\/image6-3-683x1024.jpeg 683w, https:\/\/ma-jolie-cire.com\/wp-content\/uploads\/2026\/01\/image6-3-768x1152.jpeg 768w\" sizes=\"(max-width: 1024px) 100vw, 1024px\" \/><\/a><\/figure>\n\n\n\n<h6 class=\"wp-block-heading has-text-align-center has-text-color has-belleza-font-family\" style=\"color:#696778;margin-top:1rem;font-size:clamp(1.001rem, 1.001rem + ((1vw - 0.2rem) * 0.661), 1.53rem);font-style:normal;font-weight:400;line-height:1.3;text-transform:uppercase\">Fleur de soleil<\/h6>\n\n\n\n<p class=\"has-text-align-center has-text-color has-jost-font-family\" style=\"color:#696778;margin-top:0px;margin-bottom:1.77rem;font-size:clamp(0.875rem, 0.875rem + ((1vw - 0.2rem) * 0.156), 1rem);font-style:normal;font-weight:400;line-height:1.5\">\u20ac15<\/p>\n<\/div>\n\n\n\n<div class=\"wp-block-column is-layout-constrained wp-block-column-is-layout-constrained\" style=\"flex-basis:25%\">\n<figure class=\"wp-block-image aligncenter size-full is-resized\"><a href=\"https:\/\/ma-jolie-cire.com\/index.php\/product\/bougie-lune-vanille\/\"><img loading=\"lazy\" decoding=\"async\" width=\"1024\" height=\"1365\" src=\"https:\/\/ma-jolie-cire.com\/wp-content\/uploads\/2026\/01\/image7-2.jpeg\" alt=\"\" class=\"wp-image-91\" style=\"aspect-ratio:2\/3;object-fit:cover;width:288px\" srcset=\"https:\/\/ma-jolie-cire.com\/wp-content\/uploads\/2026\/01\/image7-2.jpeg 1024w, https:\/\/ma-jolie-cire.com\/wp-content\/uploads\/2026\/01\/image7-2-225x300.jpeg 225w, https:\/\/ma-jolie-cire.com\/wp-content\/uploads\/2026\/01\/image7-2-768x1024.jpeg 768w\" sizes=\"(max-width: 1024px) 100vw, 1024px\" \/><\/a><\/figure>\n\n\n\n<h6 class=\"wp-block-heading has-text-align-center has-text-color has-belleza-font-family\" style=\"color:#696778;margin-top:1rem;font-size:clamp(1.001rem, 1.001rem + ((1vw - 0.2rem) * 0.661), 1.53rem);font-style:normal;font-weight:400;line-height:1.3;text-transform:uppercase\">Lune vanill\u00e9<\/h6>\n\n\n\n<p class=\"has-text-align-center has-text-color has-jost-font-family\" style=\"color:#696778;margin-top:0px;margin-bottom:1.77rem;font-size:clamp(0.875rem, 0.875rem + ((1vw - 0.2rem) * 0.156), 1rem);font-style:normal;font-weight:400;line-height:1.5\">\u20ac15<\/p>\n<\/div>\n\n\n\n<div class=\"wp-block-column is-layout-constrained wp-block-column-is-layout-constrained\" style=\"flex-basis:25%\">\n<figure class=\"wp-block-image aligncenter size-full is-resized\"><a href=\"https:\/\/ma-jolie-cire.com\/index.php\/product\/bougie-baies-sauvages\/\"><img loading=\"lazy\" decoding=\"async\" width=\"1024\" height=\"1536\" src=\"https:\/\/ma-jolie-cire.com\/wp-content\/uploads\/2026\/01\/b19763b69f7652c3278e694920a75088.jpeg\" alt=\"\" class=\"wp-image-118\" style=\"width:288px\" srcset=\"https:\/\/ma-jolie-cire.com\/wp-content\/uploads\/2026\/01\/b19763b69f7652c3278e694920a75088.jpeg 1024w, https:\/\/ma-jolie-cire.com\/wp-content\/uploads\/2026\/01\/b19763b69f7652c3278e694920a75088-200x300.jpeg 200w, https:\/\/ma-jolie-cire.com\/wp-content\/uploads\/2026\/01\/b19763b69f7652c3278e694920a75088-683x1024.jpeg 683w, https:\/\/ma-jolie-cire.com\/wp-content\/uploads\/2026\/01\/b19763b69f7652c3278e694920a75088-768x1152.jpeg 768w\" sizes=\"(max-width: 1024px) 100vw, 1024px\" \/><\/a><\/figure>\n\n\n\n<h6 class=\"wp-block-heading has-text-align-center has-text-color has-belleza-font-family\" style=\"color:#696778;margin-top:1rem;font-size:clamp(1.001rem, 1.001rem + ((1vw - 0.2rem) * 0.661), 1.53rem);font-style:normal;font-weight:400;line-height:1.3;text-transform:uppercase\">Baies sauvage<\/h6>\n\n\n\n<p class=\"has-text-align-center has-text-color has-jost-font-family\" style=\"color:#696778;margin-top:0px;margin-bottom:1.77rem;font-size:clamp(0.875rem, 0.875rem + ((1vw - 0.2rem) * 0.156), 1rem);font-style:normal;font-weight:400;line-height:1.5\">\u20ac19<\/p>\n<\/div>\n<\/div>\n\n\n\n<div class=\"wp-block-group is-layout-constrained wp-block-group-is-layout-constrained\">\n<div class=\"wp-block-buttons is-content-justification-center is-layout-flex wp-container-core-buttons-is-layout-8f2f56ac wp-block-buttons-is-layout-flex\" style=\"margin-top:2.68rem\">\n<div class=\"wp-block-button is-style-outline is-style-outline--1\"><a class=\"wp-block-button__link has-text-color has-background has-custom-font-size wp-element-button\" href=\"#\" style=\"border-style:none;border-width:0px;border-radius:0px;color:#fffffd;background-color:#696778;padding-top:0.9rem;padding-right:3.5rem;padding-bottom:0.9rem;padding-left:3.5rem;font-size:clamp(0.875rem, 0.875rem + ((1vw - 0.2rem) * 0.281), 1.1rem);font-style:normal;font-weight:400;line-height:1.1;text-transform:uppercase\">D\u00e9couvrez aussi nos autres cr\u00e9ations<\/a><\/div>\n\n\n<\/div>\n<\/div>\n<\/div>\n<\/section>\n\n\n\n<section class=\"wp-block-group alignfull has-text-color is-layout-constrained wp-container-core-group-is-layout-b9bc8b6c wp-block-group-is-layout-constrained\" style=\"color:#3e3e3e;margin-top:0px;padding-top:5.01rem;padding-right:1rem;padding-bottom:5.01rem;padding-left:1rem;font-size:clamp(0.875rem, 0.875rem + ((1vw - 0.2rem) * 0.319), 1.13rem);font-style:normal;font-weight:400;line-height:1.4\">\n<div class=\"wp-block-columns is-layout-flex wp-container-core-columns-is-layout-d9ea717a wp-block-columns-is-layout-flex\">\n<div class=\"wp-block-column is-layout-flow wp-block-column-is-layout-flow\" style=\"flex-basis:33%\">\n<div class=\"wp-block-group is-layout-constrained wp-block-group-is-layout-constrained\">\n<div class=\"wp-block-cover is-light\" style=\"min-height:330px;aspect-ratio:unset;\"><img decoding=\"async\" class=\"wp-block-cover__image-background wp-image-120 size-large\" alt=\"\" src=\"https:\/\/ma-jolie-cire.com\/wp-content\/uploads\/2026\/01\/IMG_1737-1-768x1024.jpg\" data-object-fit=\"cover\"\/><span aria-hidden=\"true\" class=\"wp-block-cover__background has-background-dim-0 has-background-dim\" style=\"background-color:#a7948d\"><\/span><div class=\"wp-block-cover__inner-container is-layout-constrained wp-block-cover-is-layout-constrained\">\n<div class=\"wp-block-buttons is-content-justification-center is-layout-flex wp-container-core-buttons-is-layout-a89b3969 wp-block-buttons-is-layout-flex\">\n<div class=\"wp-block-button is-style-outline is-style-outline--2\"><a class=\"wp-block-button__link has-text-color has-background has-belleza-font-family has-custom-font-size wp-element-button\" href=\"https:\/\/ma-jolie-cire.com\/index.php\/fondants-parfumes-2\/\" style=\"border-style:none;border-width:0px;border-top-left-radius:31px;border-top-right-radius:31px;border-bottom-left-radius:31px;border-bottom-right-radius:31px;color:#525060;background-color:#fffffc8c;padding-top:0.9rem;padding-right:1.5rem;padding-bottom:0.9rem;padding-left:1.5rem;font-size:clamp(0.929rem, 0.929rem + ((1vw - 0.2rem) * 0.589), 1.4rem);font-style:normal;font-weight:400;line-height:1.1;text-transform:uppercase\">**Fondants Parfum\u00e9s**<\/a><\/div>\n<\/div>\n<\/div><\/div>\n<\/div>\n<\/div>\n\n\n\n<div class=\"wp-block-column is-layout-flow wp-block-column-is-layout-flow\" style=\"flex-basis:33%\">\n<div class=\"wp-block-cover is-light\" style=\"min-height:330px;aspect-ratio:unset;\"><img loading=\"lazy\" decoding=\"async\" width=\"619\" height=\"1024\" class=\"wp-block-cover__image-background wp-image-121 size-large\" alt=\"\" src=\"https:\/\/ma-jolie-cire.com\/wp-content\/uploads\/2026\/01\/IMG_1824-2-1-619x1024.jpg\" data-object-fit=\"cover\" srcset=\"https:\/\/ma-jolie-cire.com\/wp-content\/uploads\/2026\/01\/IMG_1824-2-1-619x1024.jpg 619w, https:\/\/ma-jolie-cire.com\/wp-content\/uploads\/2026\/01\/IMG_1824-2-1-600x993.jpg 600w, https:\/\/ma-jolie-cire.com\/wp-content\/uploads\/2026\/01\/IMG_1824-2-1-300x496.jpg 300w, https:\/\/ma-jolie-cire.com\/wp-content\/uploads\/2026\/01\/IMG_1824-2-1-181x300.jpg 181w, https:\/\/ma-jolie-cire.com\/wp-content\/uploads\/2026\/01\/IMG_1824-2-1-768x1271.jpg 768w, https:\/\/ma-jolie-cire.com\/wp-content\/uploads\/2026\/01\/IMG_1824-2-1.jpg 814w\" sizes=\"(max-width: 619px) 100vw, 619px\" \/><span aria-hidden=\"true\" class=\"wp-block-cover__background has-background-dim-0 has-background-dim\" style=\"background-color:#9e8663\"><\/span><div class=\"wp-block-cover__inner-container is-layout-constrained wp-block-cover-is-layout-constrained\">\n<div class=\"wp-block-buttons is-content-justification-center is-layout-flex wp-container-core-buttons-is-layout-a89b3969 wp-block-buttons-is-layout-flex\">\n<div class=\"wp-block-button\"><a class=\"wp-block-button__link has-text-color has-background has-belleza-font-family has-custom-font-size wp-element-button\" href=\"https:\/\/ma-jolie-cire.com\/index.php\/fondants-parfumes\/\" style=\"border-top-left-radius:31px;border-top-right-radius:31px;border-bottom-left-radius:31px;border-bottom-right-radius:31px;color:#525060;background-color:#fffffc8c;padding-top:0.9rem;padding-right:1.5rem;padding-bottom:0.9rem;padding-left:1.5rem;font-size:clamp(0.929rem, 0.929rem + ((1vw - 0.2rem) * 0.589), 1.4rem);font-style:normal;font-weight:400;line-height:1.1;text-transform:uppercase\">**Parfums d\u2019Ambiance**<\/a><\/div>\n<\/div>\n<\/div><\/div>\n<\/div>\n<\/div>\n<\/section>\n\n\n\n<section class=\"wp-block-group alignfull has-background is-layout-constrained wp-container-core-group-is-layout-3428e546 wp-block-group-is-layout-constrained\" style=\"background-color:#eff9ff;margin-top:0px;margin-bottom:0px;padding-top:80px;padding-bottom:80px\">\n<h4 class=\"wp-block-heading has-text-align-center has-text-color has-belleza-font-family\" style=\"color:#525060;margin-bottom:1rem;font-size:clamp(1.25rem, 1.25rem + ((1vw - 0.2rem) * 0.938), 2rem);font-style:normal;font-weight:400;line-height:1.2;text-transform:uppercase\">Restons en Contact !<\/h4>\n\n\n\n<p class=\"has-text-align-center has-text-color has-jost-font-family\" style=\"color:#525060;margin-bottom:1.5rem;font-size:clamp(0.875rem, 0.875rem + ((1vw - 0.2rem) * 0.406), 1.2rem);font-style:normal;font-weight:400;line-height:1.5;text-transform:capitalize\">Inscrivez-vous \u00e0 notre Newsletter !<\/p>\n\n\n\n<div class=\"wp-block-buttons has-custom-font-size is-content-justification-center is-layout-flex wp-container-core-buttons-is-layout-c064d7de wp-block-buttons-is-layout-flex\" style=\"margin-top:2.5rem;font-size:clamp(0.875rem, 0.875rem + ((1vw - 0.2rem) * 0.281), 1.1rem);line-height:1.5\">\n<div class=\"wp-block-button is-style-fill\"><a class=\"wp-block-button__link has-text-color has-background has-custom-font-size wp-element-button\" style=\"border-radius:0px;color:#fffffd;background-color:#696778;padding-top:0.9rem;padding-right:3.5rem;padding-bottom:0.9rem;padding-left:3.5rem;font-size:clamp(0.875rem, 0.875rem + ((1vw - 0.2rem) * 0.281), 1.1rem);font-style:normal;font-weight:400;line-height:1.1\">**Rejoignez-nous**<\/a><\/div>\n<\/div>\n<\/section>\n","protected":false},"excerpt":{"rendered":"<p>Nos Cr\u00e9ations Bougies Gourmandes Fraicheur d&rsquo;\u00e9t\u00e9 \u20ac16 Fleur de minuit \u20ac19 Banana Bliss \u20ac15 Coeur de cuberdon \u20ac15 Miel de lune \u20ac15 Fleur de soleil \u20ac15 Lune vanill\u00e9 \u20ac15 Baies sauvage \u20ac19 Restons en Contact ! Inscrivez-vous \u00e0 notre Newsletter !<\/p>\n","protected":false},"author":1,"featured_media":0,"parent":0,"menu_order":3,"comment_status":"closed","ping_status":"closed","template":"","meta":{"footnotes":""},"class_list":["post-65","page","type-page","status-publish","hentry"],"blocksy_meta":[],"_links":{"self":[{"href":"https:\/\/ma-jolie-cire.com\/index.php\/wp-json\/wp\/v2\/pages\/65","targetHints":{"allow":["GET"]}}],"collection":[{"href":"https:\/\/ma-jolie-cire.com\/index.php\/wp-json\/wp\/v2\/pages"}],"about":[{"href":"https:\/\/ma-jolie-cire.com\/index.php\/wp-json\/wp\/v2\/types\/page"}],"author":[{"embeddable":true,"href":"https:\/\/ma-jolie-cire.com\/index.php\/wp-json\/wp\/v2\/users\/1"}],"replies":[{"embeddable":true,"href":"https:\/\/ma-jolie-cire.com\/index.php\/wp-json\/wp\/v2\/comments?post=65"}],"version-history":[{"count":21,"href":"https:\/\/ma-jolie-cire.com\/index.php\/wp-json\/wp\/v2\/pages\/65\/revisions"}],"predecessor-version":[{"id":1700,"href":"https:\/\/ma-jolie-cire.com\/index.php\/wp-json\/wp\/v2\/pages\/65\/revisions\/1700"}],"wp:attachment":[{"href":"https:\/\/ma-jolie-cire.com\/index.php\/wp-json\/wp\/v2\/media?parent=65"}],"curies":[{"name":"wp","href":"https:\/\/api.w.org\/{rel}","templated":true}]}}