{"id":1667,"date":"2026-01-04T23:09:04","date_gmt":"2026-01-04T23:09:04","guid":{"rendered":"https:\/\/ma-jolie-cire.com\/?post_type=product&#038;p=1667"},"modified":"2026-01-05T18:42:38","modified_gmt":"2026-01-05T18:42:38","slug":"bougie-fraicheur-dete","status":"publish","type":"product","link":"https:\/\/ma-jolie-cire.com\/index.php\/product\/bougie-fraicheur-dete\/","title":{"rendered":"Bougie Fraicheur d\u2019\u00e9t\u00e9"},"content":{"rendered":"<p>Parfum\u00a0:<\/p>\n<p>Famille olfactive : Hesp\u00e9rid\u00e9e, florale<br \/>\nNotes de t\u00eate : Orange, cyclamen<br \/>\nNotes de c\u0153ur : Cl\u00e9mentine, mono\u00ef<br \/>\nNotes de fond : Musc, vanille<\/p>\n<p>Ingr\u00e9dient\u00a0:<\/p>\n<p>-Cire v\u00e9g\u00e9tale, sans OGM, Cruelty Free, Vegan Friendly<br \/>\n-M\u00e8che en coton certifi\u00e9 OEKO-TEX<br \/>\n-Parfum de Grasse, sans CMR, sans phtalate, Cruelty Free, Vegan Friendly<\/p>\n<p>Conseil d\u2019utilisation\u00a0:<\/p>\n<p>Faites br\u00fbler votre bougie minimum 2 heures lors de la premi\u00e8re utilisation.<br \/>\nEnsuite, ne l\u2019allumez pas plus de 4h d\u2019affil\u00e9e.<br \/>\nLa m\u00e8che doit rester verticale et centr\u00e9e pour que la cire fonde de fa\u00e7on homog\u00e8ne.<\/p>\n","protected":false},"excerpt":{"rendered":"<p>Bougie \u00e0 l\u2019odeur lumineuse de cl\u00e9mentine et de mono\u00ef, Fra\u00eecheur d\u2019\u00c9t\u00e9 \u00e9voque instantan\u00e9ment le soleil et les vacances.<br \/>\nLes notes fra\u00eeches et p\u00e9tillantes d\u2019orange et de cyclamen ouvrent la fragrance, laissant place \u00e0 un c\u0153ur d\u00e9licieusement fruit\u00e9 et floral de cl\u00e9mentine et de mono\u00ef.<br \/>\nEn fond, la douceur du musc et de la vanille enveloppe l\u2019ensemble pour une ambiance chaleureuse et apaisante.<br \/>\nUne senteur ensoleill\u00e9e et r\u00e9confortante, parfaite pour apporter une touche d\u2019\u00e9t\u00e9 et d\u2019\u00e9vasion \u00e0 votre int\u00e9rieur.<\/p>\n","protected":false},"featured_media":85,"comment_status":"open","ping_status":"closed","template":"","meta":[],"product_brand":[],"product_cat":[27],"product_tag":[],"class_list":{"0":"post-1667","1":"product","2":"type-product","3":"status-publish","4":"has-post-thumbnail","6":"product_cat-bougie-gourmande","8":"first","9":"instock","10":"shipping-taxable","11":"purchasable","12":"product-type-simple"},"_links":{"self":[{"href":"https:\/\/ma-jolie-cire.com\/index.php\/wp-json\/wp\/v2\/product\/1667","targetHints":{"allow":["GET"]}}],"collection":[{"href":"https:\/\/ma-jolie-cire.com\/index.php\/wp-json\/wp\/v2\/product"}],"about":[{"href":"https:\/\/ma-jolie-cire.com\/index.php\/wp-json\/wp\/v2\/types\/product"}],"replies":[{"embeddable":true,"href":"https:\/\/ma-jolie-cire.com\/index.php\/wp-json\/wp\/v2\/comments?post=1667"}],"wp:featuredmedia":[{"embeddable":true,"href":"https:\/\/ma-jolie-cire.com\/index.php\/wp-json\/wp\/v2\/media\/85"}],"wp:attachment":[{"href":"https:\/\/ma-jolie-cire.com\/index.php\/wp-json\/wp\/v2\/media?parent=1667"}],"wp:term":[{"taxonomy":"product_brand","embeddable":true,"href":"https:\/\/ma-jolie-cire.com\/index.php\/wp-json\/wp\/v2\/product_brand?post=1667"},{"taxonomy":"product_cat","embeddable":true,"href":"https:\/\/ma-jolie-cire.com\/index.php\/wp-json\/wp\/v2\/product_cat?post=1667"},{"taxonomy":"product_tag","embeddable":true,"href":"https:\/\/ma-jolie-cire.com\/index.php\/wp-json\/wp\/v2\/product_tag?post=1667"}],"curies":[{"name":"wp","href":"https:\/\/api.w.org\/{rel}","templated":true}]}}