{"id":1670,"date":"2026-01-04T23:16:14","date_gmt":"2026-01-04T23:16:14","guid":{"rendered":"https:\/\/ma-jolie-cire.com\/?post_type=product&#038;p=1670"},"modified":"2026-01-05T18:42:31","modified_gmt":"2026-01-05T18:42:31","slug":"bougie-fleur-de-minuit","status":"publish","type":"product","link":"https:\/\/ma-jolie-cire.com\/index.php\/product\/bougie-fleur-de-minuit\/","title":{"rendered":"Bougie Fleur de Minuit"},"content":{"rendered":"<p>Parfum\u00a0:<\/p>\n<p>Famille olfactive : Floral<br \/>\nNotes de t\u00eate : Aub\u00e9pine<br \/>\nNotes de c\u0153ur : Violette<br \/>\nNotes de fond : H\u00e9liotrope<\/p>\n<p>Ingr\u00e9dient\u00a0:<\/p>\n<p>-Cire v\u00e9g\u00e9tale, sans OGM, Cruelty Free, Vegan Friendly<br \/>\n-M\u00e8che en coton certifi\u00e9 OEKO-TEX<br \/>\n-Parfum de Grasse, sans CMR, sans phtalate, Cruelty Free, Vegan Friendly<\/p>\n<p>Conseil d\u2019utilisation\u00a0:<\/p>\n<p>Faites br\u00fbler votre bougie minimum 2 heures lors de la premi\u00e8re utilisation.<br \/>\nEnsuite, ne l\u2019allumez pas plus de 4h d\u2019affil\u00e9e.<br \/>\nLa m\u00e8che doit rester verticale et centr\u00e9e pour que la cire fonde de fa\u00e7on homog\u00e8ne.<\/p>\n<p>&nbsp;<\/p>\n","protected":false},"excerpt":{"rendered":"<p>Bougie \u00e0 l\u2019odeur envo\u00fbtante de violette, Fleur de Minuit d\u00e9voile une fragrance \u00e9l\u00e9gante et myst\u00e9rieuse.<br \/>\nLes notes d\u00e9licates et florales de violette s\u2019\u00e9panouissent au c\u0153ur de la composition, sublim\u00e9es par une base douce et poudr\u00e9e qui apporte profondeur et raffinement \u00e0 l\u2019ensemble.<br \/>\nUne senteur subtile et sophistiqu\u00e9e, id\u00e9ale pour cr\u00e9er une ambiance apaisante, intime et chaleureuse, parfaite pour les moments de calme et de d\u00e9tente.<\/p>\n","protected":false},"featured_media":42,"comment_status":"open","ping_status":"closed","template":"","meta":[],"product_brand":[],"product_cat":[27],"product_tag":[],"class_list":{"0":"post-1670","1":"product","2":"type-product","3":"status-publish","4":"has-post-thumbnail","6":"product_cat-bougie-gourmande","8":"first","9":"instock","10":"shipping-taxable","11":"purchasable","12":"product-type-simple"},"_links":{"self":[{"href":"https:\/\/ma-jolie-cire.com\/index.php\/wp-json\/wp\/v2\/product\/1670","targetHints":{"allow":["GET"]}}],"collection":[{"href":"https:\/\/ma-jolie-cire.com\/index.php\/wp-json\/wp\/v2\/product"}],"about":[{"href":"https:\/\/ma-jolie-cire.com\/index.php\/wp-json\/wp\/v2\/types\/product"}],"replies":[{"embeddable":true,"href":"https:\/\/ma-jolie-cire.com\/index.php\/wp-json\/wp\/v2\/comments?post=1670"}],"wp:featuredmedia":[{"embeddable":true,"href":"https:\/\/ma-jolie-cire.com\/index.php\/wp-json\/wp\/v2\/media\/42"}],"wp:attachment":[{"href":"https:\/\/ma-jolie-cire.com\/index.php\/wp-json\/wp\/v2\/media?parent=1670"}],"wp:term":[{"taxonomy":"product_brand","embeddable":true,"href":"https:\/\/ma-jolie-cire.com\/index.php\/wp-json\/wp\/v2\/product_brand?post=1670"},{"taxonomy":"product_cat","embeddable":true,"href":"https:\/\/ma-jolie-cire.com\/index.php\/wp-json\/wp\/v2\/product_cat?post=1670"},{"taxonomy":"product_tag","embeddable":true,"href":"https:\/\/ma-jolie-cire.com\/index.php\/wp-json\/wp\/v2\/product_tag?post=1670"}],"curies":[{"name":"wp","href":"https:\/\/api.w.org\/{rel}","templated":true}]}}