{"id":1673,"date":"2026-01-04T23:20:32","date_gmt":"2026-01-04T23:20:32","guid":{"rendered":"https:\/\/ma-jolie-cire.com\/?post_type=product&#038;p=1673"},"modified":"2026-01-05T18:42:16","modified_gmt":"2026-01-05T18:42:16","slug":"bougie-coeur-de-cuberdon","status":"publish","type":"product","link":"https:\/\/ma-jolie-cire.com\/index.php\/product\/bougie-coeur-de-cuberdon\/","title":{"rendered":"Bougie C\u0153ur de cuberdon"},"content":{"rendered":"<p>Parfum\u00a0:<\/p>\n<p>Famille olfactive : Fruit\u00e9e, gourmande<br \/>\nNotes de t\u00eate : Banane, p\u00eache.<br \/>\nNotes de c\u0153ur : Cuberdon, framboise<br \/>\nNotes de fond : Accord gourmand, vanille<\/p>\n<p>Ingr\u00e9dient\u00a0:<\/p>\n<p>-Cire v\u00e9g\u00e9tale, sans OGM, Cruelty Free, Vegan Friendly<br \/>\n-M\u00e8che en coton certifi\u00e9 OEKO-TEX<br \/>\n-Parfum de Grasse, sans CMR, sans phtalate, Cruelty Free, Vegan Friendly<\/p>\n<p>Conseil d\u2019utilisation\u00a0:<\/p>\n<p>Faites br\u00fbler votre bougie minimum 2 heures lors de la premi\u00e8re utilisation.<br \/>\nEnsuite, ne l\u2019allumez pas plus de 4h d\u2019affil\u00e9e.<br \/>\nLa m\u00e8che doit rester verticale et centr\u00e9e pour que la cire fonde de fa\u00e7on homog\u00e8ne.<\/p>\n","protected":false},"excerpt":{"rendered":"<p>Bougie \u00e0 l\u2019odeur gourmande et r\u00e9gressive, C\u0153ur de Cuberdon r\u00e9v\u00e8le une fragrance sucr\u00e9e et embl\u00e9matique du c\u00e9l\u00e8bre bonbon belge.<\/p>\n<p>D\u00e8s les premi\u00e8res notes, son parfum fruit\u00e9 et d\u00e9licieusement sucr\u00e9 \u00e9voque un c\u0153ur fondant \u00e0 la framboise, enveloppant la pi\u00e8ce d\u2019une douceur r\u00e9confortante.<\/p>\n<p>Une senteur gourmande et irr\u00e9sistible, id\u00e9ale pour cr\u00e9er une atmosph\u00e8re conviviale, douce et r\u00e9confortante, parfaite pour les moments cocooning et de plaisir<\/p>\n","protected":false},"featured_media":88,"comment_status":"open","ping_status":"closed","template":"","meta":[],"product_brand":[],"product_cat":[27],"product_tag":[],"class_list":{"0":"post-1673","1":"product","2":"type-product","3":"status-publish","4":"has-post-thumbnail","6":"product_cat-bougie-gourmande","8":"first","9":"instock","10":"shipping-taxable","11":"purchasable","12":"product-type-simple"},"_links":{"self":[{"href":"https:\/\/ma-jolie-cire.com\/index.php\/wp-json\/wp\/v2\/product\/1673","targetHints":{"allow":["GET"]}}],"collection":[{"href":"https:\/\/ma-jolie-cire.com\/index.php\/wp-json\/wp\/v2\/product"}],"about":[{"href":"https:\/\/ma-jolie-cire.com\/index.php\/wp-json\/wp\/v2\/types\/product"}],"replies":[{"embeddable":true,"href":"https:\/\/ma-jolie-cire.com\/index.php\/wp-json\/wp\/v2\/comments?post=1673"}],"wp:featuredmedia":[{"embeddable":true,"href":"https:\/\/ma-jolie-cire.com\/index.php\/wp-json\/wp\/v2\/media\/88"}],"wp:attachment":[{"href":"https:\/\/ma-jolie-cire.com\/index.php\/wp-json\/wp\/v2\/media?parent=1673"}],"wp:term":[{"taxonomy":"product_brand","embeddable":true,"href":"https:\/\/ma-jolie-cire.com\/index.php\/wp-json\/wp\/v2\/product_brand?post=1673"},{"taxonomy":"product_cat","embeddable":true,"href":"https:\/\/ma-jolie-cire.com\/index.php\/wp-json\/wp\/v2\/product_cat?post=1673"},{"taxonomy":"product_tag","embeddable":true,"href":"https:\/\/ma-jolie-cire.com\/index.php\/wp-json\/wp\/v2\/product_tag?post=1673"}],"curies":[{"name":"wp","href":"https:\/\/api.w.org\/{rel}","templated":true}]}}