{"id":1674,"date":"2026-01-04T23:22:22","date_gmt":"2026-01-04T23:22:22","guid":{"rendered":"https:\/\/ma-jolie-cire.com\/?post_type=product&#038;p=1674"},"modified":"2026-01-05T18:42:07","modified_gmt":"2026-01-05T18:42:07","slug":"bougie-lune-de-miel","status":"publish","type":"product","link":"https:\/\/ma-jolie-cire.com\/index.php\/product\/bougie-lune-de-miel\/","title":{"rendered":"Bougie lune de miel"},"content":{"rendered":"<p>Parfum\u00a0:<\/p>\n<p>Famille olfactive : Frais<br \/>\nNotes de t\u00eate : Pin, lavande<br \/>\nNotes de c\u0153ur : Miel, rose<br \/>\nNotes de fond : F\u00e8ve tonka, amande<\/p>\n<p>Ingr\u00e9dient\u00a0:<\/p>\n<p>-Cire v\u00e9g\u00e9tale, sans OGM, Cruelty Free, Vegan Friendly<br \/>\n-M\u00e8che en coton certifi\u00e9 OEKO-TEX<br \/>\n-Parfum de Grasse, sans CMR, sans phtalate, Cruelty Free, Vegan Friendly<\/p>\n<p>Conseil d\u2019utilisation\u00a0:<\/p>\n<p>Faites br\u00fbler votre bougie minimum 2 heures lors de la premi\u00e8re utilisation.<br \/>\nEnsuite, ne l\u2019allumez pas plus de 4h d\u2019affil\u00e9e.<br \/>\nLa m\u00e8che doit rester verticale et centr\u00e9e pour que la cire fonde de fa\u00e7on homog\u00e8ne.<\/p>\n","protected":false},"excerpt":{"rendered":"<p>Bougie \u00e0 l\u2019odeur douce et r\u00e9confortante, Miel de Lune diffuse une fragrance chaleureuse m\u00ealant la richesse du miel dor\u00e9 \u00e0 la puret\u00e9 de la cire naturelle.<\/p>\n<p>D\u00e8s l\u2019allumage, ses notes d\u00e9licatement sucr\u00e9es enveloppent l\u2019espace d\u2019une sensation apaisante et enveloppante, rappelant la douceur d\u2019un soir paisible \u00e9clair\u00e9 par la lune.<\/p>\n<p>La composition se prolonge sur une base ronde et l\u00e9g\u00e8rement cireuse, apportant authenticit\u00e9 et profondeur \u00e0 l\u2019ensemble pour une ambiance intime et cocooning.<\/p>\n","protected":false},"featured_media":89,"comment_status":"open","ping_status":"closed","template":"","meta":[],"product_brand":[],"product_cat":[27],"product_tag":[],"class_list":{"0":"post-1674","1":"product","2":"type-product","3":"status-publish","4":"has-post-thumbnail","6":"product_cat-bougie-gourmande","8":"first","9":"instock","10":"shipping-taxable","11":"purchasable","12":"product-type-simple"},"_links":{"self":[{"href":"https:\/\/ma-jolie-cire.com\/index.php\/wp-json\/wp\/v2\/product\/1674","targetHints":{"allow":["GET"]}}],"collection":[{"href":"https:\/\/ma-jolie-cire.com\/index.php\/wp-json\/wp\/v2\/product"}],"about":[{"href":"https:\/\/ma-jolie-cire.com\/index.php\/wp-json\/wp\/v2\/types\/product"}],"replies":[{"embeddable":true,"href":"https:\/\/ma-jolie-cire.com\/index.php\/wp-json\/wp\/v2\/comments?post=1674"}],"wp:featuredmedia":[{"embeddable":true,"href":"https:\/\/ma-jolie-cire.com\/index.php\/wp-json\/wp\/v2\/media\/89"}],"wp:attachment":[{"href":"https:\/\/ma-jolie-cire.com\/index.php\/wp-json\/wp\/v2\/media?parent=1674"}],"wp:term":[{"taxonomy":"product_brand","embeddable":true,"href":"https:\/\/ma-jolie-cire.com\/index.php\/wp-json\/wp\/v2\/product_brand?post=1674"},{"taxonomy":"product_cat","embeddable":true,"href":"https:\/\/ma-jolie-cire.com\/index.php\/wp-json\/wp\/v2\/product_cat?post=1674"},{"taxonomy":"product_tag","embeddable":true,"href":"https:\/\/ma-jolie-cire.com\/index.php\/wp-json\/wp\/v2\/product_tag?post=1674"}],"curies":[{"name":"wp","href":"https:\/\/api.w.org\/{rel}","templated":true}]}}