{"id":1676,"date":"2026-01-04T23:25:11","date_gmt":"2026-01-04T23:25:11","guid":{"rendered":"https:\/\/ma-jolie-cire.com\/?post_type=product&#038;p=1676"},"modified":"2026-01-05T18:41:47","modified_gmt":"2026-01-05T18:41:47","slug":"bougie-lune-vanille","status":"publish","type":"product","link":"https:\/\/ma-jolie-cire.com\/index.php\/product\/bougie-lune-vanille\/","title":{"rendered":"Bougie Lune vanill\u00e9"},"content":{"rendered":"<p>Parfum\u00a0:<\/p>\n<p>Famille olfactive : Vanill\u00e9, gourmand<br \/>\nNotes de t\u00eate : Coconut<br \/>\nNotes de c\u0153ur : Vanille, amande<br \/>\nNotes de fond : Caramel<\/p>\n<p>Ingr\u00e9dient\u00a0:<\/p>\n<p>-Cire v\u00e9g\u00e9tale, sans OGM, Cruelty Free, Vegan Friendly<br \/>\n-M\u00e8che en coton certifi\u00e9 OEKO-TEX<br \/>\n-Parfum de Grasse, sans CMR, sans phtalate, Cruelty Free, Vegan Friendly<\/p>\n<p>Conseil d\u2019utilisation\u00a0:<\/p>\n<p>Faites br\u00fbler votre bougie minimum 2 heures lors de la premi\u00e8re utilisation.<br \/>\nEnsuite, ne l\u2019allumez pas plus de 4h d\u2019affil\u00e9e.<br \/>\nLa m\u00e8che doit rester verticale et centr\u00e9e pour que la cire fonde de fa\u00e7on homog\u00e8ne.<\/p>\n","protected":false},"excerpt":{"rendered":"<p>Bougie \u00e0 l\u2019odeur gourmande et d\u00e9licate, Lune Vanille r\u00e9v\u00e8le une fragrance douce de macaron \u00e0 la vanille, m\u00ealant subtilement des notes sucr\u00e9es et cr\u00e9meuses.<\/p>\n<p>D\u00e8s l\u2019allumage, son parfum enveloppant \u00e9voque la tendresse d\u2019une p\u00e2tisserie raffin\u00e9e, cr\u00e9ant une atmosph\u00e8re chaleureuse et r\u00e9confortante.<\/p>\n<p>Une senteur gourmande et r\u00e9confortante, id\u00e9ale pour cr\u00e9er une ambiance cosy, douce et apaisante, parfaite pour les moments de d\u00e9tente et de cocooning.<\/p>\n","protected":false},"featured_media":52,"comment_status":"open","ping_status":"closed","template":"","meta":[],"product_brand":[],"product_cat":[27],"product_tag":[],"class_list":{"0":"post-1676","1":"product","2":"type-product","3":"status-publish","4":"has-post-thumbnail","6":"product_cat-bougie-gourmande","8":"first","9":"instock","10":"shipping-taxable","11":"purchasable","12":"product-type-simple"},"_links":{"self":[{"href":"https:\/\/ma-jolie-cire.com\/index.php\/wp-json\/wp\/v2\/product\/1676","targetHints":{"allow":["GET"]}}],"collection":[{"href":"https:\/\/ma-jolie-cire.com\/index.php\/wp-json\/wp\/v2\/product"}],"about":[{"href":"https:\/\/ma-jolie-cire.com\/index.php\/wp-json\/wp\/v2\/types\/product"}],"replies":[{"embeddable":true,"href":"https:\/\/ma-jolie-cire.com\/index.php\/wp-json\/wp\/v2\/comments?post=1676"}],"wp:featuredmedia":[{"embeddable":true,"href":"https:\/\/ma-jolie-cire.com\/index.php\/wp-json\/wp\/v2\/media\/52"}],"wp:attachment":[{"href":"https:\/\/ma-jolie-cire.com\/index.php\/wp-json\/wp\/v2\/media?parent=1676"}],"wp:term":[{"taxonomy":"product_brand","embeddable":true,"href":"https:\/\/ma-jolie-cire.com\/index.php\/wp-json\/wp\/v2\/product_brand?post=1676"},{"taxonomy":"product_cat","embeddable":true,"href":"https:\/\/ma-jolie-cire.com\/index.php\/wp-json\/wp\/v2\/product_cat?post=1676"},{"taxonomy":"product_tag","embeddable":true,"href":"https:\/\/ma-jolie-cire.com\/index.php\/wp-json\/wp\/v2\/product_tag?post=1676"}],"curies":[{"name":"wp","href":"https:\/\/api.w.org\/{rel}","templated":true}]}}