{"id":1709,"date":"2026-01-12T11:24:10","date_gmt":"2026-01-12T11:24:10","guid":{"rendered":"https:\/\/ma-jolie-cire.com\/?post_type=product&#038;p=1709"},"modified":"2026-01-12T11:24:10","modified_gmt":"2026-01-12T11:24:10","slug":"fondant-fleur","status":"publish","type":"product","link":"https:\/\/ma-jolie-cire.com\/index.php\/product\/fondant-fleur\/","title":{"rendered":"Fondant Fleur"},"content":{"rendered":"<p>&nbsp;<\/p>\n<h3 data-start=\"778\" data-end=\"804\">\ud83d\udd25 Utilisation &amp; dur\u00e9e<\/h3>\n<ul data-start=\"805\" data-end=\"1033\">\n<li data-start=\"805\" data-end=\"906\">\n<p data-start=\"807\" data-end=\"906\">Placez le fondant dans la coupelle de votre <strong data-start=\"851\" data-end=\"867\">br\u00fble-parfum<\/strong> (non \u00e9lectrique ou \u00e9lectrique doux).<\/p>\n<\/li>\n<li data-start=\"907\" data-end=\"980\">\n<p data-start=\"909\" data-end=\"980\">Allumez une <strong data-start=\"921\" data-end=\"959\">bougie chauffe-plat standard (4 h)<\/strong> plac\u00e9e en dessous.<\/p>\n<\/li>\n<li data-start=\"981\" data-end=\"1033\">\n<p data-start=\"983\" data-end=\"1033\">Laissez fondre doucement pour lib\u00e9rer le parfum.<\/p>\n<\/li>\n<\/ul>\n<p data-start=\"1035\" data-end=\"1384\">Un fondant de <strong data-start=\"1049\" data-end=\"1057\">16 g<\/strong> diffuse sa fragrance pendant <strong data-start=\"1087\" data-end=\"1113\">environ 14 \u00e0 18 heures<\/strong>, selon la temp\u00e9rature de chauffe et le parfum choisi.<br data-start=\"1167\" data-end=\"1170\" \/>Pour pr\u00e9server toute la richesse olfactive, nous recommandons des sessions de <strong data-start=\"1248\" data-end=\"1264\">2 \u00e0 3 heures<\/strong> \u00e0 la fois. Laissez le fondant se solidifier entre deux utilisations : il est r\u00e9utilisable jusqu\u2019\u00e0 \u00e9puisement du parfum.<\/p>\n<h3 data-start=\"1386\" data-end=\"1401\">\ud83c\udf3c Astuce :<\/h3>\n<p data-start=\"1402\" data-end=\"1551\">Quand le fondant ne diffuse plus, laissez-le refroidir, puis retirez-le facilement en le soulevant ou en versant un peu d\u2019eau ti\u00e8de dans la coupelle.<\/p>\n","protected":false},"excerpt":{"rendered":"<h3 data-start=\"142\" data-end=\"179\">\ud83c\udf38 Fondant parfum\u00e9 Fleur \u2013 16 g<\/h3>\n<p data-start=\"180\" data-end=\"235\"><strong data-start=\"180\" data-end=\"235\">Cire v\u00e9g\u00e9tale coco\u2013colza &amp; parfum du Petit Grassois<\/strong><\/p>\n<p data-start=\"237\" data-end=\"513\">Laissez-vous s\u00e9duire par notre fondant parfum\u00e9 en forme de <strong data-start=\"296\" data-end=\"314\">fleur d\u00e9licate<\/strong>, con\u00e7u avec une <strong data-start=\"331\" data-end=\"354\">cire 100 % v\u00e9g\u00e9tale<\/strong> de <strong data-start=\"358\" data-end=\"375\">coco et colza<\/strong>. Naturelle, biod\u00e9gradable et sans OGM, cette cire offre une <strong data-start=\"436\" data-end=\"467\">diffusion douce et homog\u00e8ne<\/strong> du parfum tout en respectant votre int\u00e9rieur.<\/p>\n<p data-start=\"515\" data-end=\"776\">Chaque fondant de <strong data-start=\"533\" data-end=\"541\">16 g<\/strong> renferme un <strong data-start=\"554\" data-end=\"600\">parfum d\u2019exception sign\u00e9 Le Petit Grassois<\/strong>, ma\u00eetre parfumeur fran\u00e7ais reconnu pour la finesse et la tenue de ses cr\u00e9ations. Une touche \u00e9l\u00e9gante et raffin\u00e9e pour transformer votre espace en v\u00e9ritable cocon olfactif. \ud83c\udf3f\u2728<\/p>\n","protected":false},"featured_media":1712,"comment_status":"open","ping_status":"closed","template":"","meta":[],"product_brand":[],"product_cat":[28],"product_tag":[],"class_list":{"0":"post-1709","1":"product","2":"type-product","3":"status-publish","4":"has-post-thumbnail","6":"product_cat-fondants-parfumes","8":"first","9":"instock","10":"shipping-taxable","11":"purchasable","12":"product-type-simple"},"_links":{"self":[{"href":"https:\/\/ma-jolie-cire.com\/index.php\/wp-json\/wp\/v2\/product\/1709","targetHints":{"allow":["GET"]}}],"collection":[{"href":"https:\/\/ma-jolie-cire.com\/index.php\/wp-json\/wp\/v2\/product"}],"about":[{"href":"https:\/\/ma-jolie-cire.com\/index.php\/wp-json\/wp\/v2\/types\/product"}],"replies":[{"embeddable":true,"href":"https:\/\/ma-jolie-cire.com\/index.php\/wp-json\/wp\/v2\/comments?post=1709"}],"wp:featuredmedia":[{"embeddable":true,"href":"https:\/\/ma-jolie-cire.com\/index.php\/wp-json\/wp\/v2\/media\/1712"}],"wp:attachment":[{"href":"https:\/\/ma-jolie-cire.com\/index.php\/wp-json\/wp\/v2\/media?parent=1709"}],"wp:term":[{"taxonomy":"product_brand","embeddable":true,"href":"https:\/\/ma-jolie-cire.com\/index.php\/wp-json\/wp\/v2\/product_brand?post=1709"},{"taxonomy":"product_cat","embeddable":true,"href":"https:\/\/ma-jolie-cire.com\/index.php\/wp-json\/wp\/v2\/product_cat?post=1709"},{"taxonomy":"product_tag","embeddable":true,"href":"https:\/\/ma-jolie-cire.com\/index.php\/wp-json\/wp\/v2\/product_tag?post=1709"}],"curies":[{"name":"wp","href":"https:\/\/api.w.org\/{rel}","templated":true}]}}