{"id":1718,"date":"2026-01-12T11:27:41","date_gmt":"2026-01-12T11:27:41","guid":{"rendered":"https:\/\/ma-jolie-cire.com\/?post_type=product&#038;p=1718"},"modified":"2026-01-12T11:34:48","modified_gmt":"2026-01-12T11:34:48","slug":"fondant-spiral","status":"publish","type":"product","link":"https:\/\/ma-jolie-cire.com\/index.php\/product\/fondant-spiral\/","title":{"rendered":"Fondant spiral"},"content":{"rendered":"<h3 data-start=\"803\" data-end=\"829\">\ud83d\udd25 Utilisation &amp; dur\u00e9e<\/h3>\n<ul data-start=\"830\" data-end=\"1053\">\n<li data-start=\"830\" data-end=\"907\">\n<p data-start=\"832\" data-end=\"907\">D\u00e9posez votre fondant spirale dans la coupelle de votre <strong data-start=\"888\" data-end=\"904\">br\u00fble-parfum<\/strong>.<\/p>\n<\/li>\n<li data-start=\"908\" data-end=\"978\">\n<p data-start=\"910\" data-end=\"978\">Allumez une <strong data-start=\"922\" data-end=\"960\">bougie chauffe-plat standard (4 h)<\/strong> plac\u00e9e dessous.<\/p>\n<\/li>\n<li data-start=\"979\" data-end=\"1053\">\n<p data-start=\"981\" data-end=\"1053\">Le fondant fond doucement et lib\u00e8re son parfum tout au long de la fonte.<\/p>\n<\/li>\n<\/ul>\n<p data-start=\"1055\" data-end=\"1375\">Avec ses <strong data-start=\"1064\" data-end=\"1072\">16 g<\/strong>, il vous offre <strong data-start=\"1088\" data-end=\"1106\">14 \u00e0 18 heures<\/strong> de diffusion parfum\u00e9e selon la puissance du br\u00fbleur et la temp\u00e9rature ambiante.<br data-start=\"1186\" data-end=\"1189\" \/>Pour pr\u00e9server toute l\u2019intensit\u00e9 olfactive, pr\u00e9f\u00e9rez des sessions de <strong data-start=\"1258\" data-end=\"1274\">2 \u00e0 3 heures<\/strong> : laissez ensuite le fondant refroidir et se solidifier, il sera pr\u00eat pour une nouvelle utilisation.<\/p>\n<h3 data-start=\"1377\" data-end=\"1392\">\ud83c\udf38 Astuce :<\/h3>\n<p data-start=\"1393\" data-end=\"1573\">Lorsque le parfum s\u2019estompe, laissez le fondant refroidir. Un l\u00e9ger passage d\u2019eau ti\u00e8de dans la coupelle permettra de le retirer facilement avant de d\u00e9couvrir une nouvelle senteur.<\/p>\n","protected":false},"excerpt":{"rendered":"<h3 data-start=\"114\" data-end=\"153\">\ud83c\udf00 Fondant parfum\u00e9 Spirale \u2013 16 g<\/h3>\n<p data-start=\"154\" data-end=\"209\"><strong data-start=\"154\" data-end=\"209\">Cire v\u00e9g\u00e9tale coco\u2013colza &amp; parfum du Petit Grassois<\/strong><\/p>\n<p data-start=\"211\" data-end=\"582\">Laissez-vous envo\u00fbter par notre fondant parfum\u00e9 en <strong data-start=\"262\" data-end=\"282\">forme de spirale<\/strong>, symbole d\u2019harmonie et d\u2019\u00e9nergie positive.<br data-start=\"325\" data-end=\"328\" \/>Coul\u00e9 \u00e0 la main avec une <strong data-start=\"353\" data-end=\"390\">cire v\u00e9g\u00e9tale de coco et de colza<\/strong>, il offre une fonte homog\u00e8ne et une diffusion longue dur\u00e9e. Naturelle, biod\u00e9gradable et sans OGM, cette cire allie douceur et performance pour un parfumage d\u2019int\u00e9rieur raffin\u00e9 et respectueux.<\/p>\n<p data-start=\"584\" data-end=\"801\">Chaque fondant renferme un <strong data-start=\"611\" data-end=\"657\">parfum d\u2019exception sign\u00e9 Le Petit Grassois<\/strong>, cr\u00e9ateur grassois r\u00e9put\u00e9 pour la richesse et la finesse de ses fragrances. Une exp\u00e9rience sensorielle unique, entre \u00e9l\u00e9gance et bien-\u00eatre. \ud83c\udf3f\u2728<\/p>\n","protected":false},"featured_media":1713,"comment_status":"open","ping_status":"closed","template":"","meta":[],"product_brand":[],"product_cat":[28],"product_tag":[],"class_list":{"0":"post-1718","1":"product","2":"type-product","3":"status-publish","4":"has-post-thumbnail","6":"product_cat-fondants-parfumes","8":"first","9":"instock","10":"shipping-taxable","11":"purchasable","12":"product-type-simple"},"_links":{"self":[{"href":"https:\/\/ma-jolie-cire.com\/index.php\/wp-json\/wp\/v2\/product\/1718","targetHints":{"allow":["GET"]}}],"collection":[{"href":"https:\/\/ma-jolie-cire.com\/index.php\/wp-json\/wp\/v2\/product"}],"about":[{"href":"https:\/\/ma-jolie-cire.com\/index.php\/wp-json\/wp\/v2\/types\/product"}],"replies":[{"embeddable":true,"href":"https:\/\/ma-jolie-cire.com\/index.php\/wp-json\/wp\/v2\/comments?post=1718"}],"wp:featuredmedia":[{"embeddable":true,"href":"https:\/\/ma-jolie-cire.com\/index.php\/wp-json\/wp\/v2\/media\/1713"}],"wp:attachment":[{"href":"https:\/\/ma-jolie-cire.com\/index.php\/wp-json\/wp\/v2\/media?parent=1718"}],"wp:term":[{"taxonomy":"product_brand","embeddable":true,"href":"https:\/\/ma-jolie-cire.com\/index.php\/wp-json\/wp\/v2\/product_brand?post=1718"},{"taxonomy":"product_cat","embeddable":true,"href":"https:\/\/ma-jolie-cire.com\/index.php\/wp-json\/wp\/v2\/product_cat?post=1718"},{"taxonomy":"product_tag","embeddable":true,"href":"https:\/\/ma-jolie-cire.com\/index.php\/wp-json\/wp\/v2\/product_tag?post=1718"}],"curies":[{"name":"wp","href":"https:\/\/api.w.org\/{rel}","templated":true}]}}