{"id":1719,"date":"2026-01-12T11:28:53","date_gmt":"2026-01-12T11:28:53","guid":{"rendered":"https:\/\/ma-jolie-cire.com\/?post_type=product&#038;p=1719"},"modified":"2026-01-12T11:34:37","modified_gmt":"2026-01-12T11:34:37","slug":"fondant-macaron","status":"publish","type":"product","link":"https:\/\/ma-jolie-cire.com\/index.php\/product\/fondant-macaron\/","title":{"rendered":"Fondant macaron"},"content":{"rendered":"<h3 data-start=\"865\" data-end=\"891\">\ud83d\udd25 Utilisation &amp; dur\u00e9e<\/h3>\n<ul data-start=\"892\" data-end=\"1148\">\n<li data-start=\"892\" data-end=\"965\">\n<p data-start=\"894\" data-end=\"965\">Placez le fondant macaron dans la coupelle de votre <strong data-start=\"946\" data-end=\"962\">br\u00fble-parfum<\/strong>.<\/p>\n<\/li>\n<li data-start=\"966\" data-end=\"1049\">\n<p data-start=\"968\" data-end=\"1049\">Allumez une <strong data-start=\"980\" data-end=\"1018\">bougie chauffe-plat standard (4 h)<\/strong> et laissez fondre doucement.<\/p>\n<\/li>\n<li data-start=\"1050\" data-end=\"1148\">\n<p data-start=\"1052\" data-end=\"1148\">Le fondant lib\u00e8re progressivement son parfum, pour un moment de d\u00e9tente et de plaisir sensoriel.<\/p>\n<\/li>\n<\/ul>\n<p data-start=\"1150\" data-end=\"1500\">Avec ses <strong data-start=\"1159\" data-end=\"1167\">16 g<\/strong>, il offre une <strong data-start=\"1182\" data-end=\"1230\">dur\u00e9e moyenne de diffusion de 14 \u00e0 18 heures<\/strong>, selon le type de br\u00fbleur et la temp\u00e9rature ambiante.<br data-start=\"1284\" data-end=\"1287\" \/>Pour pr\u00e9server toute l\u2019intensit\u00e9 du parfum, privil\u00e9giez des sessions de <strong data-start=\"1359\" data-end=\"1375\">2 \u00e0 3 heures<\/strong> \u00e0 la fois. Laissez-le ensuite refroidir : il redeviendra solide et pr\u00eat \u00e0 \u00eatre r\u00e9utilis\u00e9 jusqu\u2019\u00e0 \u00e9puisement de sa fragrance.<\/p>\n<h3 data-start=\"1502\" data-end=\"1517\">\ud83d\udca1 Astuce :<\/h3>\n<p data-start=\"1518\" data-end=\"1658\">Quand le parfum s\u2019estompe, laissez durcir le fondant puis retirez-le facilement \u00e0 l\u2019aide d\u2019un peu d\u2019eau ti\u00e8de avant de changer de senteur.<\/p>\n","protected":false},"excerpt":{"rendered":"<h3 data-start=\"110\" data-end=\"149\">\ud83c\udf6c Fondant parfum\u00e9 Macaron \u2013 16 g<\/h3>\n<p data-start=\"150\" data-end=\"205\"><strong data-start=\"150\" data-end=\"205\">Cire v\u00e9g\u00e9tale coco\u2013colza &amp; parfum du Petit Grassois<\/strong><\/p>\n<p data-start=\"207\" data-end=\"584\">Craquez pour notre fondant parfum\u00e9 en <strong data-start=\"245\" data-end=\"265\">forme de macaron<\/strong>, aussi gourmand \u00e0 regarder qu\u2019\u00e0 sentir !<br data-start=\"306\" data-end=\"309\" \/>Fabriqu\u00e9 artisanalement \u00e0 partir d\u2019une <strong data-start=\"348\" data-end=\"371\">cire 100 % v\u00e9g\u00e9tale<\/strong> de <strong data-start=\"375\" data-end=\"395\">coco et de colza<\/strong>, ce fondant allie esth\u00e9tique, qualit\u00e9 et respect de l\u2019environnement. Sa texture lisse et sa fonte homog\u00e8ne garantissent une <strong data-start=\"520\" data-end=\"553\">diffusion longue et g\u00e9n\u00e9reuse<\/strong> du parfum dans toute la pi\u00e8ce.<\/p>\n<p data-start=\"586\" data-end=\"863\">Chaque cr\u00e9ation est d\u00e9licatement parfum\u00e9e avec une <strong data-start=\"637\" data-end=\"675\">fragrance sign\u00e9e Le Petit Grassois<\/strong>, ma\u00eetre parfumeur fran\u00e7ais reconnu pour son savoir-faire et ses compositions raffin\u00e9es. Une senteur subtile et \u00e9l\u00e9gante qui transforme instantan\u00e9ment votre int\u00e9rieur en cocon parfum\u00e9. \ud83c\udf38\u2728<\/p>\n","protected":false},"featured_media":1715,"comment_status":"open","ping_status":"closed","template":"","meta":[],"product_brand":[],"product_cat":[28],"product_tag":[],"class_list":{"0":"post-1719","1":"product","2":"type-product","3":"status-publish","4":"has-post-thumbnail","6":"product_cat-fondants-parfumes","8":"first","9":"instock","10":"shipping-taxable","11":"product-type-simple"},"_links":{"self":[{"href":"https:\/\/ma-jolie-cire.com\/index.php\/wp-json\/wp\/v2\/product\/1719","targetHints":{"allow":["GET"]}}],"collection":[{"href":"https:\/\/ma-jolie-cire.com\/index.php\/wp-json\/wp\/v2\/product"}],"about":[{"href":"https:\/\/ma-jolie-cire.com\/index.php\/wp-json\/wp\/v2\/types\/product"}],"replies":[{"embeddable":true,"href":"https:\/\/ma-jolie-cire.com\/index.php\/wp-json\/wp\/v2\/comments?post=1719"}],"wp:featuredmedia":[{"embeddable":true,"href":"https:\/\/ma-jolie-cire.com\/index.php\/wp-json\/wp\/v2\/media\/1715"}],"wp:attachment":[{"href":"https:\/\/ma-jolie-cire.com\/index.php\/wp-json\/wp\/v2\/media?parent=1719"}],"wp:term":[{"taxonomy":"product_brand","embeddable":true,"href":"https:\/\/ma-jolie-cire.com\/index.php\/wp-json\/wp\/v2\/product_brand?post=1719"},{"taxonomy":"product_cat","embeddable":true,"href":"https:\/\/ma-jolie-cire.com\/index.php\/wp-json\/wp\/v2\/product_cat?post=1719"},{"taxonomy":"product_tag","embeddable":true,"href":"https:\/\/ma-jolie-cire.com\/index.php\/wp-json\/wp\/v2\/product_tag?post=1719"}],"curies":[{"name":"wp","href":"https:\/\/api.w.org\/{rel}","templated":true}]}}