{"id":1720,"date":"2026-01-12T11:32:19","date_gmt":"2026-01-12T11:32:19","guid":{"rendered":"https:\/\/ma-jolie-cire.com\/?post_type=product&#038;p=1720"},"modified":"2026-01-12T11:34:11","modified_gmt":"2026-01-12T11:34:11","slug":"fondant-boule-de-glace","status":"publish","type":"product","link":"https:\/\/ma-jolie-cire.com\/index.php\/product\/fondant-boule-de-glace\/","title":{"rendered":"Fondant boule de glace"},"content":{"rendered":"<h3 data-start=\"924\" data-end=\"950\">\ud83d\udd25 Utilisation &amp; dur\u00e9e<\/h3>\n<ul data-start=\"951\" data-end=\"1256\">\n<li data-start=\"951\" data-end=\"1086\">\n<p data-start=\"953\" data-end=\"1086\">D\u00e9posez <strong data-start=\"961\" data-end=\"992\">un morceau de votre fondant<\/strong> (environ la moiti\u00e9 ou un tiers selon la taille de votre coupelle) dans le <strong data-start=\"1067\" data-end=\"1083\">br\u00fble-parfum<\/strong>.<\/p>\n<\/li>\n<li data-start=\"1087\" data-end=\"1181\">\n<p data-start=\"1089\" data-end=\"1181\">Allumez une <strong data-start=\"1101\" data-end=\"1139\">bougie chauffe-plat standard (4 h)<\/strong> ou utilisez un br\u00fbleur \u00e9lectrique doux.<\/p>\n<\/li>\n<li data-start=\"1182\" data-end=\"1256\">\n<p data-start=\"1184\" data-end=\"1256\">Laissez fondre doucement pour lib\u00e9rer la fragrance dans votre int\u00e9rieur.<\/p>\n<\/li>\n<\/ul>\n<p data-start=\"1258\" data-end=\"1524\">Gr\u00e2ce \u00e0 sa taille g\u00e9n\u00e9reuse, une boule compl\u00e8te offre <strong data-start=\"1312\" data-end=\"1360\">jusqu\u2019\u00e0 30 \u00e0 36 heures de diffusion parfum\u00e9e<\/strong> (en plusieurs utilisations).<br data-start=\"1389\" data-end=\"1392\" \/>Pour une exp\u00e9rience optimale, r\u00e9alisez des <strong data-start=\"1435\" data-end=\"1463\">sessions de 2 \u00e0 3 heures<\/strong>, puis laissez le fondant refroidir avant de le r\u00e9utiliser.<\/p>\n<h3 data-start=\"1526\" data-end=\"1541\">\ud83d\udca1 Astuce :<\/h3>\n<ul data-start=\"1542\" data-end=\"1808\">\n<li data-start=\"1542\" data-end=\"1683\">\n<p data-start=\"1544\" data-end=\"1683\">Trop grande pour votre coupelle ? <strong data-start=\"1578\" data-end=\"1616\">Coupez la boule en 2 ou 3 morceaux<\/strong> : elle fondra plus uniform\u00e9ment et durera encore plus longtemps.<\/p>\n<\/li>\n<li data-start=\"1684\" data-end=\"1808\">\n<p data-start=\"1686\" data-end=\"1808\">Quand le parfum s\u2019estompe, laissez refroidir le fondant et retirez-le avec un peu d\u2019eau ti\u00e8de avant de changer de senteur.<\/p>\n<\/li>\n<\/ul>\n","protected":false},"excerpt":{"rendered":"<h3 data-start=\"238\" data-end=\"284\">\ud83c\udf68 Fondant parfum\u00e9 Boule de Glace \u2013 36 g<\/h3>\n<p data-start=\"285\" data-end=\"340\"><strong data-start=\"285\" data-end=\"340\">Cire v\u00e9g\u00e9tale coco\u2013colza &amp; parfum du Petit Grassois<\/strong><\/p>\n<p data-start=\"342\" data-end=\"662\">Craquez pour notre <strong data-start=\"361\" data-end=\"407\">fondant parfum\u00e9 en forme de boule de glace<\/strong>, une cr\u00e9ation aussi gourmande qu\u2019\u00e9l\u00e9gante, coul\u00e9e \u00e0 la main avec une <strong data-start=\"477\" data-end=\"514\">cire v\u00e9g\u00e9tale de coco et de colza<\/strong>.<br data-start=\"515\" data-end=\"518\" \/>Naturelle, biod\u00e9gradable et sans OGM, cette cire offre une <strong data-start=\"577\" data-end=\"617\">diffusion douce, propre et prolong\u00e9e<\/strong> du parfum, sans \u00e9mettre de suie ni de fum\u00e9e.<\/p>\n<p data-start=\"664\" data-end=\"922\">Chaque fondant renferme un <strong data-start=\"691\" data-end=\"737\">parfum d\u2019exception sign\u00e9 Le Petit Grassois<\/strong>, maison grassoise reconnue pour la richesse et la tenue de ses fragrances.<br data-start=\"812\" data-end=\"815\" \/>Une pi\u00e8ce g\u00e9n\u00e9reuse de <strong data-start=\"838\" data-end=\"846\">36 g<\/strong>, id\u00e9ale pour profiter d\u2019une exp\u00e9rience olfactive intense et raffin\u00e9e. \ud83c\udf3f\u2728<\/p>\n","protected":false},"featured_media":1714,"comment_status":"open","ping_status":"closed","template":"","meta":[],"product_brand":[],"product_cat":[28],"product_tag":[],"class_list":{"0":"post-1720","1":"product","2":"type-product","3":"status-publish","4":"has-post-thumbnail","6":"product_cat-fondants-parfumes","8":"first","9":"instock","10":"shipping-taxable","11":"purchasable","12":"product-type-simple"},"_links":{"self":[{"href":"https:\/\/ma-jolie-cire.com\/index.php\/wp-json\/wp\/v2\/product\/1720","targetHints":{"allow":["GET"]}}],"collection":[{"href":"https:\/\/ma-jolie-cire.com\/index.php\/wp-json\/wp\/v2\/product"}],"about":[{"href":"https:\/\/ma-jolie-cire.com\/index.php\/wp-json\/wp\/v2\/types\/product"}],"replies":[{"embeddable":true,"href":"https:\/\/ma-jolie-cire.com\/index.php\/wp-json\/wp\/v2\/comments?post=1720"}],"wp:featuredmedia":[{"embeddable":true,"href":"https:\/\/ma-jolie-cire.com\/index.php\/wp-json\/wp\/v2\/media\/1714"}],"wp:attachment":[{"href":"https:\/\/ma-jolie-cire.com\/index.php\/wp-json\/wp\/v2\/media?parent=1720"}],"wp:term":[{"taxonomy":"product_brand","embeddable":true,"href":"https:\/\/ma-jolie-cire.com\/index.php\/wp-json\/wp\/v2\/product_brand?post=1720"},{"taxonomy":"product_cat","embeddable":true,"href":"https:\/\/ma-jolie-cire.com\/index.php\/wp-json\/wp\/v2\/product_cat?post=1720"},{"taxonomy":"product_tag","embeddable":true,"href":"https:\/\/ma-jolie-cire.com\/index.php\/wp-json\/wp\/v2\/product_tag?post=1720"}],"curies":[{"name":"wp","href":"https:\/\/api.w.org\/{rel}","templated":true}]}}